{"id":64,"date":"2015-02-17T21:26:10","date_gmt":"2015-02-17T21:26:10","guid":{"rendered":"http:\/\/esm-volley.fr\/wordpress\/?page_id=64"},"modified":"2025-08-18T10:21:02","modified_gmt":"2025-08-18T08:21:02","slug":"les-tournois","status":"publish","type":"page","link":"https:\/\/esm-vb.com\/?page_id=64","title":{"rendered":"Les tournois"},"content":{"rendered":"<h2>Une tradition pour le club<\/h2>\n<p style=\"text-align: justify;\">En 1975, une id\u00e9e nouvelle pour l&rsquo;\u00e9poque est lanc\u00e9e par les b\u00e9n\u00e9voles du club : l&rsquo;organisation \u00e0 Massy d&rsquo;un tournoi de nuit, \u00ab <strong>La Nuit du Volley<\/strong> \u00bb. Le succ\u00e8s de la formule en \u00e9quipe 3&#215;3 est imm\u00e9diat et la capacit\u00e9 d\u2019accueil atteint son maximum. Il devient l&rsquo;un des tournois principaux du circuit r\u00e9gional, organis\u00e9 sur 4 gymnases \u00e0 l\u2019\u00e9poque, dot\u00e9 de prix. Dans les ann\u00e9es 90, le club de Volley de Massy doit revoir ses ambitions \u00e0 la baisse, la mairie ne pouvant rendre disponible les gymnases n\u00e9cessaires. \u00ab <strong>La Nuit du Volley<\/strong> \u00bb devient donc un \u00e9v\u00e9nement \u00ab\u00a0classique\u00a0\u00bb sur un seul gymnase mais qui continue \u00e0 \u00eatre tr\u00e8s pris\u00e9 au niveau r\u00e9gional&#8230;<\/p>\n<p style=\"text-align: justify;\">\u00ab <strong>La Nuit du Volley<\/strong> \u00bb continue jusqu&rsquo;en 2002 et change alors pour une version diurne, toujours aussi reconnue.<\/p>\n<p style=\"text-align: justify;\">En 2014, le bureau du club r\u00e9ussit \u00e0 convaincre (apr\u00e8s 3 ans de demande) la mairie de Massy de lui accorder un terrain pour l&rsquo;organisation d&rsquo;un tournoi sur herbe. La premi\u00e8re \u00e9dition du\u00a0\u00ab <strong>Volley On Air&rsquo;Be<\/strong> \u00bb est organis\u00e9e et accueille 21 \u00e9quipes sur les 32 places disponibles.<\/p>\n<p style=\"text-align: justify;\">En plus de ces deux tournois, le club de Massy organise un troisi\u00e8me tournoi dont au moins la moiti\u00e9 des places est r\u00e9serv\u00e9e pour les \u00e9quipes de Massy (en provenance des diff\u00e9rentes sections (Loisirs, CompetLoisirs, Comp\u00e9tition)) et le reste des \u00e9quipes sont en provenance des \u00ab\u00a0clubs amis\u00a0\u00bb.<\/p>\n<p style=\"text-align: justify;\">Le format retenu pour ses diff\u00e9rents tournois est du 4*4 mixte (1 fille minimum par \u00e9quipe).<\/p>\n<h2><em>Octobre et Novembre :<\/em> Les nouveaux tournois caritatifs: Octobre Rose et Movember<\/h2>\n<p>Pour la saison 2025-2026, deux nouveaux tournoi seront organis\u00e9s au club afin de soutenir deux causes de sant\u00e9 publique: Octobre Rose (Recherche contre le cancer de sein) et Movember (recherche contre les cancers masculins).<\/p>\n<p>Nous comptons sur votre mobilisation afin de soutenir ces deux \u00e9v\u00e8nement et surtout de venir partager ces premiers tournois de la saison dans la bonne humeur avec nous!\u00a0<\/p>\n<p>Pour en savoir plus : <br \/><a href=\"https:\/\/esm-vb.com\/?page_id=5072\">Octobre Rose <\/a><br \/><a href=\"https:\/\/esm-vb.com\/?page_id=5073\">Movember<\/a><\/p>\n<h2><em>F\u00e9vrier :<\/em> Le Tournoi de l&rsquo;Hiver de Massy<\/h2>\n<p>De niveau d\u00e9partemental\/r\u00e9gional, 16 \u00e9quipes en 4&#215;4 mixte des clubs de toute la r\u00e9gion se d\u00e9placent pour y participer. Les points forts du tournoi sont la bonne gestion du temps, une assurance de jouer au moins 8 matchs avant la phase \u00e9liminatoire, un bon niveau de jeu et une bonne ambiance ! Et la cerise sur le gateau &#8230;. tout le monde doit \u00eatre d\u00e9guis\u00e9 dans le th\u00e8me!!\u00a0<\/p>\n<p>Pour en savoir plus : <a href=\"https:\/\/esm-vb.com\/?page_id=5075\">c&rsquo;est ici<\/a><\/p>\n<h2><em>Mars :<\/em> Le Tournoi de la Journ\u00e9e internationale des Droits des Femmes\u00a0<\/h2>\n<p>C&rsquo;est un nouveau tournoi cr\u00e9\u00e9 en 2024, qui a pour but de revers\u00e9 tous les fonds collect\u00e9s (inscriptions, buvette etc) \u00e0 une association venant en aide \u00e0 une cause F\u00e9minine.\u00a0<\/p>\n<p>Ce tournoi prone l&rsquo;\u00e9galit\u00e9, c&rsquo;est pourquoi il est demand\u00e9 aux \u00e9quipes de jouer de mani\u00e8res strictement mixte : 2 femmes, 2 hommes.<\/p>\n<p>Pour en savoir plus : <a href=\"https:\/\/esm-vb.com\/?page_id=5077\">c&rsquo;est ici<\/a><\/p>\n<h2><em>Avril<\/em> : Le Tournoi des Zamis<\/h2>\n<p>C\u2019est un tournoi en toute simplicit\u00e9, entre une douzaine\u00a0d\u2019\u00e9quipes en 4&#215;4 mixte dont la moiti\u00e9 provient des clubs\u00a0amis de la r\u00e9gion IDF (Antony, Villebon-sur-Yvette, Verri\u00e8res le-Buisson, Wissous, Palaiseau, Bures-sur-Yvette\u2026).<\/p>\n<p>Pour en savoir plus : <a href=\"https:\/\/esm-vb.com\/?page_id=172\">c&rsquo;est ici<\/a><\/p>\n<h2><em>Juin :<\/em> Volley ON AIR\u2019be<\/h2>\n<p>Le 7 juin 2014, le club a pu organiser\u00a0son 1er tournoi sur herbe. Plus de 100\u00a0participants se sont affront\u00e9s sous un\u00a0soleil radieux toute la journ\u00e9e. Au\u00a0total, une vingtaines d\u2019\u00e9quipes en\u00a04&#215;4 mixte se sont rencontr\u00e9es sur 12\u00a0terrains. La convivialit\u00e9 de la formule\u00a0en ext\u00e9rieur permet aux amis et aux\u00a0familles de venir partager ce moment.<\/p>\n<p>Pour en savoir plus : <a href=\"https:\/\/esm-vb.com\/?page_id=170\">c&rsquo;est ici<\/a><\/p>\n<p>\u00a0<\/p>\n\n\n<p><\/p>\n","protected":false},"excerpt":{"rendered":"<p>Une tradition pour le club En 1975, une id\u00e9e nouvelle pour l&rsquo;\u00e9poque est lanc\u00e9e par les b\u00e9n\u00e9voles du club : l&rsquo;organisation \u00e0 Massy d&rsquo;un tournoi de nuit, \u00ab La Nuit du Volley \u00bb. Le succ\u00e8s de la formule en \u00e9quipe 3&#215;3 est imm\u00e9diat et la capacit\u00e9 d\u2019accueil atteint son maximum. Il devient l&rsquo;un des tournois<\/p>\n<div class=\"read-more\"><a href=\"https:\/\/esm-vb.com\/?page_id=64\" title=\"Read More\">Read More<\/a><\/div>\n","protected":false},"author":2,"featured_media":0,"parent":0,"menu_order":0,"comment_status":"closed","ping_status":"open","template":"","meta":{"_exactmetrics_skip_tracking":false,"_exactmetrics_sitenote_active":false,"_exactmetrics_sitenote_note":"","_exactmetrics_sitenote_category":0,"footnotes":""},"class_list":["post-64","page","type-page","status-publish"],"_links":{"self":[{"href":"https:\/\/esm-vb.com\/index.php?rest_route=\/wp\/v2\/pages\/64","targetHints":{"allow":["GET"]}}],"collection":[{"href":"https:\/\/esm-vb.com\/index.php?rest_route=\/wp\/v2\/pages"}],"about":[{"href":"https:\/\/esm-vb.com\/index.php?rest_route=\/wp\/v2\/types\/page"}],"author":[{"embeddable":true,"href":"https:\/\/esm-vb.com\/index.php?rest_route=\/wp\/v2\/users\/2"}],"replies":[{"embeddable":true,"href":"https:\/\/esm-vb.com\/index.php?rest_route=%2Fwp%2Fv2%2Fcomments&post=64"}],"version-history":[{"count":15,"href":"https:\/\/esm-vb.com\/index.php?rest_route=\/wp\/v2\/pages\/64\/revisions"}],"predecessor-version":[{"id":5172,"href":"https:\/\/esm-vb.com\/index.php?rest_route=\/wp\/v2\/pages\/64\/revisions\/5172"}],"wp:attachment":[{"href":"https:\/\/esm-vb.com\/index.php?rest_route=%2Fwp%2Fv2%2Fmedia&parent=64"}],"curies":[{"name":"wp","href":"https:\/\/api.w.org\/{rel}","templated":true}]}}