{"id":5077,"date":"2025-08-14T19:20:12","date_gmt":"2025-08-14T17:20:12","guid":{"rendered":"https:\/\/esm-vb.com\/?page_id=5077"},"modified":"2025-08-20T18:54:49","modified_gmt":"2025-08-20T16:54:49","slug":"tournoi-de-la-journee-des-droits-des-femmes","status":"publish","type":"page","link":"https:\/\/esm-vb.com\/?page_id=5077","title":{"rendered":"Tournoi de la journ\u00e9e des droits des Femmes"},"content":{"rendered":"\n<p>Nous avons mis en place depuis 2024 un nouveau tournoi \u00e0 but caritatif se d\u00e9roulant autour de la date du <strong><mark style=\"background-color:rgba(0, 0, 0, 0)\" class=\"has-inline-color has-pale-pink-color\">8 mars<\/mark><\/strong>. Ce tournoi a pour but de r\u00e9colter des fonds afin de les reverser \u00e0 une association soutenant la cause des Femmes \u00e0 l&rsquo;occasion de la <strong><mark style=\"background-color:rgba(0, 0, 0, 0)\" class=\"has-inline-color has-pale-pink-color\">Journ\u00e9e Internationale des Droits des Femmes<\/mark><\/strong>.<\/p>\n\n\n\n<div class=\"wp-block-media-text is-stacked-on-mobile\"><figure class=\"wp-block-media-text__media\"><img loading=\"lazy\" decoding=\"async\" width=\"754\" height=\"700\" src=\"https:\/\/esm-vb.com\/wp-content\/uploads\/2025\/08\/image-32.png\" alt=\"\" class=\"wp-image-5099 size-full\" srcset=\"https:\/\/esm-vb.com\/wp-content\/uploads\/2025\/08\/image-32.png 754w, https:\/\/esm-vb.com\/wp-content\/uploads\/2025\/08\/image-32-300x279.png 300w\" sizes=\"auto, (max-width: 754px) 100vw, 754px\" \/><\/figure><div class=\"wp-block-media-text__content\">\n<p>Cet \u00e9v\u00e8nement est soutenu chaque ann\u00e9e par la Mairie de Massy et tout particuli\u00e8rement par le plan d&rsquo;action \u00ab\u00a0<a href=\"https:\/\/www.ville-massy.fr\/egalite-femmes-hommes\/#:~:text=A%20Massy%2C%20la%20question%20de,2021%20par%20le%20conseil%20municipal.\" target=\"_blank\" rel=\"noreferrer noopener\">Egalit\u00e9 Homme\/Femme<\/a>\u00ab\u00a0.<\/p>\n<\/div><\/div>\n\n\n\n<p class=\"has-background\" style=\"background-color:#dfcefa\">Des initiations au self d\u00e9fense ont \u00e9t\u00e9 organis\u00e9es gr\u00e2ce \u00e0 l&rsquo;intervention des sections sportives de Judo de Massy! #StrongWomen!<\/p>\n\n\n\n<figure class=\"wp-block-gallery has-nested-images columns-default is-cropped wp-block-gallery-1 is-layout-flex wp-block-gallery-is-layout-flex\">\n<figure class=\"wp-block-image size-large\"><a href=\"https:\/\/esm-vb.com\/wp-content\/uploads\/2025\/08\/DSC_6907-scaled.jpg\"><img loading=\"lazy\" decoding=\"async\" width=\"1024\" height=\"687\" data-id=\"5108\" src=\"https:\/\/esm-vb.com\/wp-content\/uploads\/2025\/08\/DSC_6907-1024x687.jpg\" alt=\"\" class=\"wp-image-5108\" srcset=\"https:\/\/esm-vb.com\/wp-content\/uploads\/2025\/08\/DSC_6907-1024x687.jpg 1024w, https:\/\/esm-vb.com\/wp-content\/uploads\/2025\/08\/DSC_6907-300x201.jpg 300w, https:\/\/esm-vb.com\/wp-content\/uploads\/2025\/08\/DSC_6907-768x516.jpg 768w, https:\/\/esm-vb.com\/wp-content\/uploads\/2025\/08\/DSC_6907-1536x1031.jpg 1536w, https:\/\/esm-vb.com\/wp-content\/uploads\/2025\/08\/DSC_6907-2048x1375.jpg 2048w\" sizes=\"auto, (max-width: 1024px) 100vw, 1024px\" \/><\/a><\/figure>\n\n\n\n<figure class=\"wp-block-image size-large\"><a href=\"https:\/\/esm-vb.com\/wp-content\/uploads\/2025\/08\/DSC_6898-scaled.jpg\"><img loading=\"lazy\" decoding=\"async\" width=\"1024\" height=\"687\" data-id=\"5109\" src=\"https:\/\/esm-vb.com\/wp-content\/uploads\/2025\/08\/DSC_6898-1024x687.jpg\" alt=\"\" class=\"wp-image-5109\" srcset=\"https:\/\/esm-vb.com\/wp-content\/uploads\/2025\/08\/DSC_6898-1024x687.jpg 1024w, https:\/\/esm-vb.com\/wp-content\/uploads\/2025\/08\/DSC_6898-300x201.jpg 300w, https:\/\/esm-vb.com\/wp-content\/uploads\/2025\/08\/DSC_6898-768x516.jpg 768w, https:\/\/esm-vb.com\/wp-content\/uploads\/2025\/08\/DSC_6898-1536x1031.jpg 1536w, https:\/\/esm-vb.com\/wp-content\/uploads\/2025\/08\/DSC_6898-2048x1375.jpg 2048w\" sizes=\"auto, (max-width: 1024px) 100vw, 1024px\" \/><\/a><\/figure>\n<\/figure>\n\n\n\n<p>A l&rsquo;occasion des deux derniers tournois, tous les fonds r\u00e9colt\u00e9s (Inscriptions + vente de cr\u00eapes) ont \u00e9t\u00e9 revers\u00e9s aux associations suivantes: <br>&#8211; Fondation des Femmes <a href=\"https:\/\/fondationdesfemmes.org\">https:\/\/fondationdesfemmes.org<\/a> <br>&#8211; Femis sport <a href=\"https:\/\/www.femixsports.fr\">https:\/\/www.femixsports.fr<\/a><\/p>\n\n\n\n<div class=\"wp-block-columns is-layout-flex wp-container-core-columns-is-layout-9d6595d7 wp-block-columns-is-layout-flex\">\n<div class=\"wp-block-column is-vertically-aligned-center is-layout-flow wp-block-column-is-layout-flow\">\n<figure class=\"wp-block-image size-full\"><a href=\"https:\/\/esm-vb.com\/wp-content\/uploads\/2025\/08\/image-31.png\"><img loading=\"lazy\" decoding=\"async\" width=\"548\" height=\"250\" src=\"https:\/\/esm-vb.com\/wp-content\/uploads\/2025\/08\/image-31.png\" alt=\"\" class=\"wp-image-5097\" srcset=\"https:\/\/esm-vb.com\/wp-content\/uploads\/2025\/08\/image-31.png 548w, https:\/\/esm-vb.com\/wp-content\/uploads\/2025\/08\/image-31-300x137.png 300w\" sizes=\"auto, (max-width: 548px) 100vw, 548px\" \/><\/a><\/figure>\n<\/div>\n\n\n\n<div class=\"wp-block-column is-vertically-aligned-center is-layout-flow wp-block-column-is-layout-flow\">\n<figure class=\"wp-block-image size-full\"><a href=\"https:\/\/esm-vb.com\/wp-content\/uploads\/2025\/08\/image-30.png\"><img loading=\"lazy\" decoding=\"async\" width=\"350\" height=\"208\" src=\"https:\/\/esm-vb.com\/wp-content\/uploads\/2025\/08\/image-30.png\" alt=\"\" class=\"wp-image-5094\" srcset=\"https:\/\/esm-vb.com\/wp-content\/uploads\/2025\/08\/image-30.png 350w, https:\/\/esm-vb.com\/wp-content\/uploads\/2025\/08\/image-30-300x178.png 300w\" sizes=\"auto, (max-width: 350px) 100vw, 350px\" \/><\/a><\/figure>\n<\/div>\n<\/div>\n\n\n\n<p class=\"has-background\" style=\"background-color:#ecdbff\">Nous remercions tous les contributeurs &lt;3<\/p>\n","protected":false},"excerpt":{"rendered":"<p>Nous avons mis en place depuis 2024 un nouveau tournoi \u00e0 but caritatif se d\u00e9roulant autour de la date du 8 mars. Ce tournoi a pour but de r\u00e9colter des fonds afin de les reverser \u00e0 une association soutenant la cause des Femmes \u00e0 l&rsquo;occasion de la Journ\u00e9e Internationale des Droits des Femmes. Cet \u00e9v\u00e8nement<\/p>\n<div class=\"read-more\"><a href=\"https:\/\/esm-vb.com\/?page_id=5077\" title=\"Read More\">Read More<\/a><\/div>\n","protected":false},"author":18,"featured_media":0,"parent":0,"menu_order":0,"comment_status":"closed","ping_status":"closed","template":"","meta":{"_exactmetrics_skip_tracking":false,"_exactmetrics_sitenote_active":false,"_exactmetrics_sitenote_note":"","_exactmetrics_sitenote_category":0,"footnotes":""},"class_list":["post-5077","page","type-page","status-publish"],"_links":{"self":[{"href":"https:\/\/esm-vb.com\/index.php?rest_route=\/wp\/v2\/pages\/5077","targetHints":{"allow":["GET"]}}],"collection":[{"href":"https:\/\/esm-vb.com\/index.php?rest_route=\/wp\/v2\/pages"}],"about":[{"href":"https:\/\/esm-vb.com\/index.php?rest_route=\/wp\/v2\/types\/page"}],"author":[{"embeddable":true,"href":"https:\/\/esm-vb.com\/index.php?rest_route=\/wp\/v2\/users\/18"}],"replies":[{"embeddable":true,"href":"https:\/\/esm-vb.com\/index.php?rest_route=%2Fwp%2Fv2%2Fcomments&post=5077"}],"version-history":[{"count":8,"href":"https:\/\/esm-vb.com\/index.php?rest_route=\/wp\/v2\/pages\/5077\/revisions"}],"predecessor-version":[{"id":5202,"href":"https:\/\/esm-vb.com\/index.php?rest_route=\/wp\/v2\/pages\/5077\/revisions\/5202"}],"wp:attachment":[{"href":"https:\/\/esm-vb.com\/index.php?rest_route=%2Fwp%2Fv2%2Fmedia&parent=5077"}],"curies":[{"name":"wp","href":"https:\/\/api.w.org\/{rel}","templated":true}]}}