{"id":5075,"date":"2025-08-14T19:20:12","date_gmt":"2025-08-14T17:20:12","guid":{"rendered":"https:\/\/esm-vb.com\/?page_id=5075"},"modified":"2025-08-14T20:53:53","modified_gmt":"2025-08-14T18:53:53","slug":"tournoi-de-lhiver","status":"publish","type":"page","link":"https:\/\/esm-vb.com\/?page_id=5075","title":{"rendered":"Tournoi de l&rsquo;Hiver"},"content":{"rendered":"\n<p>Depuis 50 ans, le club de Massy organise chaque ann\u00e9e en F\u00e9vrier le <strong><mark style=\"background-color:rgba(0, 0, 0, 0)\" class=\"has-inline-color has-vivid-cyan-blue-color\">Grand Tournoi de l&rsquo;Hiver! <\/mark><\/strong><\/p>\n\n\n\n<p>Ce tournoi permet de r\u00e9unir 25 \u00e9quipes qui se retrouve \u00e0 Massy pour s&rsquo;affronter dans la bonne humeur. <\/p>\n\n\n\n<p>Chaque ann\u00e9e, un th\u00e8me est donn\u00e9 et les participants jouent toujours le jeux !! <\/p>\n\n\n\n<p>A ce jour, nous avons eu les th\u00e8mes suivants: <\/p>\n\n\n\n<ul class=\"wp-block-list\">\n<li>OR (pour les 50 ans) <\/li>\n\n\n\n<li>Les J.O.<\/li>\n\n\n\n<li>L&rsquo;age de Glace <\/li>\n\n\n\n<li>Supers H\u00e9ros<\/li>\n\n\n\n<li>&#8230;<\/li>\n<\/ul>\n\n\n\n<figure class=\"wp-block-gallery has-nested-images columns-default is-cropped wp-block-gallery-1 is-layout-flex wp-block-gallery-is-layout-flex\">\n<figure class=\"wp-block-image size-large\"><a href=\"https:\/\/esm-vb.com\/wp-content\/uploads\/2025\/08\/Capture-decran-2025-08-14-a-20.21.49.png\"><img loading=\"lazy\" decoding=\"async\" width=\"1024\" height=\"692\" data-id=\"5133\" src=\"https:\/\/esm-vb.com\/wp-content\/uploads\/2025\/08\/Capture-decran-2025-08-14-a-20.21.49-1024x692.png\" alt=\"\" class=\"wp-image-5133\" srcset=\"https:\/\/esm-vb.com\/wp-content\/uploads\/2025\/08\/Capture-decran-2025-08-14-a-20.21.49-1024x692.png 1024w, https:\/\/esm-vb.com\/wp-content\/uploads\/2025\/08\/Capture-decran-2025-08-14-a-20.21.49-300x203.png 300w, https:\/\/esm-vb.com\/wp-content\/uploads\/2025\/08\/Capture-decran-2025-08-14-a-20.21.49-768x519.png 768w, https:\/\/esm-vb.com\/wp-content\/uploads\/2025\/08\/Capture-decran-2025-08-14-a-20.21.49-1536x1038.png 1536w, https:\/\/esm-vb.com\/wp-content\/uploads\/2025\/08\/Capture-decran-2025-08-14-a-20.21.49.png 1556w\" sizes=\"auto, (max-width: 1024px) 100vw, 1024px\" \/><\/a><\/figure>\n\n\n\n<figure class=\"wp-block-image size-large\"><a href=\"https:\/\/esm-vb.com\/wp-content\/uploads\/2025\/08\/Capture-decran-2025-08-14-a-20.22.04.png\"><img loading=\"lazy\" decoding=\"async\" width=\"1024\" height=\"692\" data-id=\"5131\" src=\"https:\/\/esm-vb.com\/wp-content\/uploads\/2025\/08\/Capture-decran-2025-08-14-a-20.22.04-1024x692.png\" alt=\"\" class=\"wp-image-5131\" srcset=\"https:\/\/esm-vb.com\/wp-content\/uploads\/2025\/08\/Capture-decran-2025-08-14-a-20.22.04-1024x692.png 1024w, https:\/\/esm-vb.com\/wp-content\/uploads\/2025\/08\/Capture-decran-2025-08-14-a-20.22.04-300x203.png 300w, https:\/\/esm-vb.com\/wp-content\/uploads\/2025\/08\/Capture-decran-2025-08-14-a-20.22.04-768x519.png 768w, https:\/\/esm-vb.com\/wp-content\/uploads\/2025\/08\/Capture-decran-2025-08-14-a-20.22.04-1536x1038.png 1536w, https:\/\/esm-vb.com\/wp-content\/uploads\/2025\/08\/Capture-decran-2025-08-14-a-20.22.04.png 1556w\" sizes=\"auto, (max-width: 1024px) 100vw, 1024px\" \/><\/a><\/figure>\n<\/figure>\n\n\n\n<figure class=\"wp-block-gallery has-nested-images columns-default is-cropped wp-block-gallery-2 is-layout-flex wp-block-gallery-is-layout-flex\">\n<figure class=\"wp-block-image size-large\"><a href=\"http:\/\/esm-vb.com\/wp-content\/uploads\/2025\/08\/20240217_100948-scaled.jpg\"><img loading=\"lazy\" decoding=\"async\" width=\"768\" height=\"1024\" data-id=\"5136\" src=\"http:\/\/esm-vb.com\/wp-content\/uploads\/2025\/08\/20240217_100948-768x1024.jpg\" alt=\"\" class=\"wp-image-5136\" srcset=\"https:\/\/esm-vb.com\/wp-content\/uploads\/2025\/08\/20240217_100948-768x1024.jpg 768w, https:\/\/esm-vb.com\/wp-content\/uploads\/2025\/08\/20240217_100948-225x300.jpg 225w, https:\/\/esm-vb.com\/wp-content\/uploads\/2025\/08\/20240217_100948-1152x1536.jpg 1152w, https:\/\/esm-vb.com\/wp-content\/uploads\/2025\/08\/20240217_100948-1536x2048.jpg 1536w, https:\/\/esm-vb.com\/wp-content\/uploads\/2025\/08\/20240217_100948-scaled.jpg 1920w\" sizes=\"auto, (max-width: 768px) 100vw, 768px\" \/><\/a><\/figure>\n\n\n\n<figure class=\"wp-block-image size-large\"><a href=\"http:\/\/esm-vb.com\/wp-content\/uploads\/2025\/08\/WhatsApp-Image-2025-08-14-at-20.27.38.jpeg\"><img loading=\"lazy\" decoding=\"async\" width=\"1024\" height=\"687\" data-id=\"5129\" src=\"http:\/\/esm-vb.com\/wp-content\/uploads\/2025\/08\/WhatsApp-Image-2025-08-14-at-20.27.38-1024x687.jpeg\" alt=\"\" class=\"wp-image-5129\" srcset=\"https:\/\/esm-vb.com\/wp-content\/uploads\/2025\/08\/WhatsApp-Image-2025-08-14-at-20.27.38-1024x687.jpeg 1024w, https:\/\/esm-vb.com\/wp-content\/uploads\/2025\/08\/WhatsApp-Image-2025-08-14-at-20.27.38-300x201.jpeg 300w, https:\/\/esm-vb.com\/wp-content\/uploads\/2025\/08\/WhatsApp-Image-2025-08-14-at-20.27.38-768x516.jpeg 768w, https:\/\/esm-vb.com\/wp-content\/uploads\/2025\/08\/WhatsApp-Image-2025-08-14-at-20.27.38-1536x1031.jpeg 1536w, https:\/\/esm-vb.com\/wp-content\/uploads\/2025\/08\/WhatsApp-Image-2025-08-14-at-20.27.38.jpeg 1600w\" sizes=\"auto, (max-width: 1024px) 100vw, 1024px\" \/><\/a><\/figure>\n\n\n\n<figure class=\"wp-block-image size-large\"><a href=\"http:\/\/esm-vb.com\/wp-content\/uploads\/2025\/08\/20240217_093159-scaled.jpg\"><img loading=\"lazy\" decoding=\"async\" width=\"768\" height=\"1024\" data-id=\"5141\" src=\"http:\/\/esm-vb.com\/wp-content\/uploads\/2025\/08\/20240217_093159-768x1024.jpg\" alt=\"\" class=\"wp-image-5141\" srcset=\"https:\/\/esm-vb.com\/wp-content\/uploads\/2025\/08\/20240217_093159-768x1024.jpg 768w, https:\/\/esm-vb.com\/wp-content\/uploads\/2025\/08\/20240217_093159-225x300.jpg 225w, https:\/\/esm-vb.com\/wp-content\/uploads\/2025\/08\/20240217_093159-1152x1536.jpg 1152w, https:\/\/esm-vb.com\/wp-content\/uploads\/2025\/08\/20240217_093159-1536x2048.jpg 1536w, https:\/\/esm-vb.com\/wp-content\/uploads\/2025\/08\/20240217_093159-scaled.jpg 1920w\" sizes=\"auto, (max-width: 768px) 100vw, 768px\" \/><\/a><\/figure>\n\n\n\n<figure class=\"wp-block-image size-large\"><a href=\"http:\/\/esm-vb.com\/wp-content\/uploads\/2025\/08\/20240217_092148-scaled.jpg\"><img loading=\"lazy\" decoding=\"async\" width=\"768\" height=\"1024\" data-id=\"5126\" src=\"http:\/\/esm-vb.com\/wp-content\/uploads\/2025\/08\/20240217_092148-768x1024.jpg\" alt=\"\" class=\"wp-image-5126\" srcset=\"https:\/\/esm-vb.com\/wp-content\/uploads\/2025\/08\/20240217_092148-768x1024.jpg 768w, https:\/\/esm-vb.com\/wp-content\/uploads\/2025\/08\/20240217_092148-225x300.jpg 225w, https:\/\/esm-vb.com\/wp-content\/uploads\/2025\/08\/20240217_092148-1152x1536.jpg 1152w, https:\/\/esm-vb.com\/wp-content\/uploads\/2025\/08\/20240217_092148-1536x2048.jpg 1536w, https:\/\/esm-vb.com\/wp-content\/uploads\/2025\/08\/20240217_092148-scaled.jpg 1920w\" sizes=\"auto, (max-width: 768px) 100vw, 768px\" \/><\/a><\/figure>\n\n\n\n<figure class=\"wp-block-image size-large\"><a href=\"http:\/\/esm-vb.com\/wp-content\/uploads\/2025\/08\/Capture-decran-2025-08-14-a-20.21.40.png\"><img loading=\"lazy\" decoding=\"async\" width=\"1024\" height=\"692\" data-id=\"5134\" src=\"http:\/\/esm-vb.com\/wp-content\/uploads\/2025\/08\/Capture-decran-2025-08-14-a-20.21.40-1024x692.png\" alt=\"\" class=\"wp-image-5134\" srcset=\"https:\/\/esm-vb.com\/wp-content\/uploads\/2025\/08\/Capture-decran-2025-08-14-a-20.21.40-1024x692.png 1024w, https:\/\/esm-vb.com\/wp-content\/uploads\/2025\/08\/Capture-decran-2025-08-14-a-20.21.40-300x203.png 300w, https:\/\/esm-vb.com\/wp-content\/uploads\/2025\/08\/Capture-decran-2025-08-14-a-20.21.40-768x519.png 768w, https:\/\/esm-vb.com\/wp-content\/uploads\/2025\/08\/Capture-decran-2025-08-14-a-20.21.40-1536x1038.png 1536w, https:\/\/esm-vb.com\/wp-content\/uploads\/2025\/08\/Capture-decran-2025-08-14-a-20.21.40.png 1556w\" sizes=\"auto, (max-width: 1024px) 100vw, 1024px\" \/><\/a><\/figure>\n\n\n\n<figure class=\"wp-block-image size-large\"><a href=\"http:\/\/esm-vb.com\/wp-content\/uploads\/2025\/08\/20240217_094505-scaled.jpg\"><img loading=\"lazy\" decoding=\"async\" width=\"768\" height=\"1024\" data-id=\"5139\" src=\"http:\/\/esm-vb.com\/wp-content\/uploads\/2025\/08\/20240217_094505-768x1024.jpg\" alt=\"\" class=\"wp-image-5139\" srcset=\"https:\/\/esm-vb.com\/wp-content\/uploads\/2025\/08\/20240217_094505-768x1024.jpg 768w, https:\/\/esm-vb.com\/wp-content\/uploads\/2025\/08\/20240217_094505-225x300.jpg 225w, https:\/\/esm-vb.com\/wp-content\/uploads\/2025\/08\/20240217_094505-1152x1536.jpg 1152w, https:\/\/esm-vb.com\/wp-content\/uploads\/2025\/08\/20240217_094505-1536x2048.jpg 1536w, https:\/\/esm-vb.com\/wp-content\/uploads\/2025\/08\/20240217_094505-scaled.jpg 1920w\" sizes=\"auto, (max-width: 768px) 100vw, 768px\" \/><\/a><\/figure>\n\n\n\n<figure class=\"wp-block-image size-large\"><a href=\"http:\/\/esm-vb.com\/wp-content\/uploads\/2025\/08\/WhatsApp-Image-2025-08-14-at-20.27.39.jpeg\"><img loading=\"lazy\" decoding=\"async\" width=\"1024\" height=\"687\" data-id=\"5130\" src=\"http:\/\/esm-vb.com\/wp-content\/uploads\/2025\/08\/WhatsApp-Image-2025-08-14-at-20.27.39-1024x687.jpeg\" alt=\"\" class=\"wp-image-5130\" srcset=\"https:\/\/esm-vb.com\/wp-content\/uploads\/2025\/08\/WhatsApp-Image-2025-08-14-at-20.27.39-1024x687.jpeg 1024w, https:\/\/esm-vb.com\/wp-content\/uploads\/2025\/08\/WhatsApp-Image-2025-08-14-at-20.27.39-300x201.jpeg 300w, https:\/\/esm-vb.com\/wp-content\/uploads\/2025\/08\/WhatsApp-Image-2025-08-14-at-20.27.39-768x516.jpeg 768w, https:\/\/esm-vb.com\/wp-content\/uploads\/2025\/08\/WhatsApp-Image-2025-08-14-at-20.27.39-1536x1031.jpeg 1536w, https:\/\/esm-vb.com\/wp-content\/uploads\/2025\/08\/WhatsApp-Image-2025-08-14-at-20.27.39.jpeg 1600w\" sizes=\"auto, (max-width: 1024px) 100vw, 1024px\" \/><\/a><\/figure>\n\n\n\n<figure class=\"wp-block-image size-large\"><a href=\"http:\/\/esm-vb.com\/wp-content\/uploads\/2025\/08\/20240217_094917-scaled.jpg\"><img loading=\"lazy\" decoding=\"async\" width=\"768\" height=\"1024\" data-id=\"5138\" src=\"http:\/\/esm-vb.com\/wp-content\/uploads\/2025\/08\/20240217_094917-768x1024.jpg\" alt=\"\" class=\"wp-image-5138\" srcset=\"https:\/\/esm-vb.com\/wp-content\/uploads\/2025\/08\/20240217_094917-768x1024.jpg 768w, https:\/\/esm-vb.com\/wp-content\/uploads\/2025\/08\/20240217_094917-225x300.jpg 225w, https:\/\/esm-vb.com\/wp-content\/uploads\/2025\/08\/20240217_094917-1152x1536.jpg 1152w, https:\/\/esm-vb.com\/wp-content\/uploads\/2025\/08\/20240217_094917-1536x2048.jpg 1536w, https:\/\/esm-vb.com\/wp-content\/uploads\/2025\/08\/20240217_094917-scaled.jpg 1920w\" sizes=\"auto, (max-width: 768px) 100vw, 768px\" \/><\/a><\/figure>\n\n\n\n<figure class=\"wp-block-image size-large\"><a href=\"http:\/\/esm-vb.com\/wp-content\/uploads\/2025\/08\/WhatsApp-Image-2025-08-14-at-20.27.42.jpeg\"><img loading=\"lazy\" decoding=\"async\" width=\"1024\" height=\"687\" data-id=\"5128\" src=\"http:\/\/esm-vb.com\/wp-content\/uploads\/2025\/08\/WhatsApp-Image-2025-08-14-at-20.27.42-1024x687.jpeg\" alt=\"\" class=\"wp-image-5128\" srcset=\"https:\/\/esm-vb.com\/wp-content\/uploads\/2025\/08\/WhatsApp-Image-2025-08-14-at-20.27.42-1024x687.jpeg 1024w, https:\/\/esm-vb.com\/wp-content\/uploads\/2025\/08\/WhatsApp-Image-2025-08-14-at-20.27.42-300x201.jpeg 300w, https:\/\/esm-vb.com\/wp-content\/uploads\/2025\/08\/WhatsApp-Image-2025-08-14-at-20.27.42-768x516.jpeg 768w, https:\/\/esm-vb.com\/wp-content\/uploads\/2025\/08\/WhatsApp-Image-2025-08-14-at-20.27.42-1536x1031.jpeg 1536w, https:\/\/esm-vb.com\/wp-content\/uploads\/2025\/08\/WhatsApp-Image-2025-08-14-at-20.27.42.jpeg 1600w\" sizes=\"auto, (max-width: 1024px) 100vw, 1024px\" \/><\/a><\/figure>\n\n\n\n<figure class=\"wp-block-image size-large\"><a href=\"http:\/\/esm-vb.com\/wp-content\/uploads\/2025\/08\/Capture-decran-2025-08-14-a-20.21.55.png\"><img loading=\"lazy\" decoding=\"async\" width=\"1024\" height=\"692\" data-id=\"5132\" src=\"http:\/\/esm-vb.com\/wp-content\/uploads\/2025\/08\/Capture-decran-2025-08-14-a-20.21.55-1024x692.png\" alt=\"\" class=\"wp-image-5132\" srcset=\"https:\/\/esm-vb.com\/wp-content\/uploads\/2025\/08\/Capture-decran-2025-08-14-a-20.21.55-1024x692.png 1024w, https:\/\/esm-vb.com\/wp-content\/uploads\/2025\/08\/Capture-decran-2025-08-14-a-20.21.55-300x203.png 300w, https:\/\/esm-vb.com\/wp-content\/uploads\/2025\/08\/Capture-decran-2025-08-14-a-20.21.55-768x519.png 768w, https:\/\/esm-vb.com\/wp-content\/uploads\/2025\/08\/Capture-decran-2025-08-14-a-20.21.55-1536x1038.png 1536w, https:\/\/esm-vb.com\/wp-content\/uploads\/2025\/08\/Capture-decran-2025-08-14-a-20.21.55.png 1556w\" sizes=\"auto, (max-width: 1024px) 100vw, 1024px\" \/><\/a><\/figure>\n<\/figure>\n\n\n\n<figure class=\"wp-block-image size-large\"><a href=\"http:\/\/esm-vb.com\/wp-content\/uploads\/2025\/08\/WhatsApp-Image-2025-08-14-at-20.27.43.jpeg\"><img loading=\"lazy\" decoding=\"async\" width=\"1024\" height=\"687\" src=\"http:\/\/esm-vb.com\/wp-content\/uploads\/2025\/08\/WhatsApp-Image-2025-08-14-at-20.27.43-1024x687.jpeg\" alt=\"\" class=\"wp-image-5124\" srcset=\"https:\/\/esm-vb.com\/wp-content\/uploads\/2025\/08\/WhatsApp-Image-2025-08-14-at-20.27.43-1024x687.jpeg 1024w, https:\/\/esm-vb.com\/wp-content\/uploads\/2025\/08\/WhatsApp-Image-2025-08-14-at-20.27.43-300x201.jpeg 300w, https:\/\/esm-vb.com\/wp-content\/uploads\/2025\/08\/WhatsApp-Image-2025-08-14-at-20.27.43-768x515.jpeg 768w, https:\/\/esm-vb.com\/wp-content\/uploads\/2025\/08\/WhatsApp-Image-2025-08-14-at-20.27.43-1536x1031.jpeg 1536w, https:\/\/esm-vb.com\/wp-content\/uploads\/2025\/08\/WhatsApp-Image-2025-08-14-at-20.27.43.jpeg 2048w\" sizes=\"auto, (max-width: 1024px) 100vw, 1024px\" \/><\/a><\/figure>\n\n\n\n<p><\/p>\n","protected":false},"excerpt":{"rendered":"<p>Depuis 50 ans, le club de Massy organise chaque ann\u00e9e en F\u00e9vrier le Grand Tournoi de l&rsquo;Hiver! Ce tournoi permet de r\u00e9unir 25 \u00e9quipes qui se retrouve \u00e0 Massy pour s&rsquo;affronter dans la bonne humeur. Chaque ann\u00e9e, un th\u00e8me est donn\u00e9 et les participants jouent toujours le jeux !! A ce jour, nous avons eu<\/p>\n<div class=\"read-more\"><a href=\"https:\/\/esm-vb.com\/?page_id=5075\" title=\"Read More\">Read More<\/a><\/div>\n","protected":false},"author":18,"featured_media":0,"parent":0,"menu_order":0,"comment_status":"closed","ping_status":"closed","template":"","meta":{"_exactmetrics_skip_tracking":false,"_exactmetrics_sitenote_active":false,"_exactmetrics_sitenote_note":"","_exactmetrics_sitenote_category":0,"footnotes":""},"class_list":["post-5075","page","type-page","status-publish"],"_links":{"self":[{"href":"https:\/\/esm-vb.com\/index.php?rest_route=\/wp\/v2\/pages\/5075","targetHints":{"allow":["GET"]}}],"collection":[{"href":"https:\/\/esm-vb.com\/index.php?rest_route=\/wp\/v2\/pages"}],"about":[{"href":"https:\/\/esm-vb.com\/index.php?rest_route=\/wp\/v2\/types\/page"}],"author":[{"embeddable":true,"href":"https:\/\/esm-vb.com\/index.php?rest_route=\/wp\/v2\/users\/18"}],"replies":[{"embeddable":true,"href":"https:\/\/esm-vb.com\/index.php?rest_route=%2Fwp%2Fv2%2Fcomments&post=5075"}],"version-history":[{"count":3,"href":"https:\/\/esm-vb.com\/index.php?rest_route=\/wp\/v2\/pages\/5075\/revisions"}],"predecessor-version":[{"id":5142,"href":"https:\/\/esm-vb.com\/index.php?rest_route=\/wp\/v2\/pages\/5075\/revisions\/5142"}],"wp:attachment":[{"href":"https:\/\/esm-vb.com\/index.php?rest_route=%2Fwp%2Fv2%2Fmedia&parent=5075"}],"curies":[{"name":"wp","href":"https:\/\/api.w.org\/{rel}","templated":true}]}}