{"id":5073,"date":"2025-08-14T19:20:12","date_gmt":"2025-08-14T17:20:12","guid":{"rendered":"https:\/\/esm-vb.com\/?page_id=5073"},"modified":"2025-08-14T20:59:56","modified_gmt":"2025-08-14T18:59:56","slug":"tournoi-movember","status":"publish","type":"page","link":"https:\/\/esm-vb.com\/?page_id=5073","title":{"rendered":"Tournoi Movember"},"content":{"rendered":"\n<p>Un nouveau tournoi caritatif est en pr\u00e9paration! <\/p>\n\n\n\n<p>Parce que, \u00e9veiller les consciences et sensibiliser sur ces sujets d&rsquo;int\u00e9r\u00eat publique est important pour le club, nous nous mobilisons \u00e0 travers les tournois afin de r\u00e9colter des fonds pour la recherche! <\/p>\n\n\n\n<p>En Novembre, nous organiserons le tournoi afin d&rsquo;aider la Recherche contre les cancers Masculins: <strong><mark style=\"background-color:rgba(0, 0, 0, 0);color:#126696\" class=\"has-inline-color\">Movember<\/mark><\/strong>!<\/p>\n\n\n\n<p>Alors soyez pr\u00eats, c&rsquo;est pour la bonne cause! <\/p>\n\n\n\n<figure class=\"wp-block-image size-full\"><a href=\"https:\/\/esm-vb.com\/wp-content\/uploads\/2025\/08\/image-35.png\"><img loading=\"lazy\" decoding=\"async\" width=\"1024\" height=\"394\" src=\"https:\/\/esm-vb.com\/wp-content\/uploads\/2025\/08\/image-35.png\" alt=\"\" class=\"wp-image-5149\" srcset=\"https:\/\/esm-vb.com\/wp-content\/uploads\/2025\/08\/image-35.png 1024w, https:\/\/esm-vb.com\/wp-content\/uploads\/2025\/08\/image-35-300x115.png 300w, https:\/\/esm-vb.com\/wp-content\/uploads\/2025\/08\/image-35-768x296.png 768w\" sizes=\"auto, (max-width: 1024px) 100vw, 1024px\" \/><\/a><\/figure>\n\n\n\n<p><\/p>\n","protected":false},"excerpt":{"rendered":"<p>Un nouveau tournoi caritatif est en pr\u00e9paration! Parce que, \u00e9veiller les consciences et sensibiliser sur ces sujets d&rsquo;int\u00e9r\u00eat publique est important pour le club, nous nous mobilisons \u00e0 travers les tournois afin de r\u00e9colter des fonds pour la recherche! En Novembre, nous organiserons le tournoi afin d&rsquo;aider la Recherche contre les cancers Masculins: Movember! Alors<\/p>\n<div class=\"read-more\"><a href=\"https:\/\/esm-vb.com\/?page_id=5073\" title=\"Read More\">Read More<\/a><\/div>\n","protected":false},"author":18,"featured_media":0,"parent":0,"menu_order":0,"comment_status":"closed","ping_status":"closed","template":"","meta":{"_exactmetrics_skip_tracking":false,"_exactmetrics_sitenote_active":false,"_exactmetrics_sitenote_note":"","_exactmetrics_sitenote_category":0,"footnotes":""},"class_list":["post-5073","page","type-page","status-publish"],"_links":{"self":[{"href":"https:\/\/esm-vb.com\/index.php?rest_route=\/wp\/v2\/pages\/5073","targetHints":{"allow":["GET"]}}],"collection":[{"href":"https:\/\/esm-vb.com\/index.php?rest_route=\/wp\/v2\/pages"}],"about":[{"href":"https:\/\/esm-vb.com\/index.php?rest_route=\/wp\/v2\/types\/page"}],"author":[{"embeddable":true,"href":"https:\/\/esm-vb.com\/index.php?rest_route=\/wp\/v2\/users\/18"}],"replies":[{"embeddable":true,"href":"https:\/\/esm-vb.com\/index.php?rest_route=%2Fwp%2Fv2%2Fcomments&post=5073"}],"version-history":[{"count":2,"href":"https:\/\/esm-vb.com\/index.php?rest_route=\/wp\/v2\/pages\/5073\/revisions"}],"predecessor-version":[{"id":5150,"href":"https:\/\/esm-vb.com\/index.php?rest_route=\/wp\/v2\/pages\/5073\/revisions\/5150"}],"wp:attachment":[{"href":"https:\/\/esm-vb.com\/index.php?rest_route=%2Fwp%2Fv2%2Fmedia&parent=5073"}],"curies":[{"name":"wp","href":"https:\/\/api.w.org\/{rel}","templated":true}]}}