{"id":5072,"date":"2025-08-14T19:20:12","date_gmt":"2025-08-14T17:20:12","guid":{"rendered":"https:\/\/esm-vb.com\/?page_id=5072"},"modified":"2025-09-29T15:39:27","modified_gmt":"2025-09-29T13:39:27","slug":"tournoi-octobre-rose","status":"publish","type":"page","link":"https:\/\/esm-vb.com\/?page_id=5072","title":{"rendered":"Tournoi Octobre Rose"},"content":{"rendered":"\n<p class=\"has-text-align-center\"><mark style=\"background-color:rgba(0, 0, 0, 0);color:#f2547b\" class=\"has-inline-color\">Le bureau du club de volley de Massy, organise cette ann\u00e9e : <strong><u>Le tournoi caritatif \u00e0 l&rsquo;occasion de la Journ\u00e9e du cancer du seins.<\/u><\/strong><\/mark><\/p>\n\n\n\n<h4 class=\"wp-block-heading has-text-align-center\"><strong><mark style=\"background-color:rgba(0, 0, 0, 0);color:#ff98f0\" class=\"has-inline-color\">Toutes les participations seront revers\u00e9es au profit de Gustave Roussy pour le programme \u00ab\u00a050 nuances de rose\u00a0\u00bb.<\/mark><\/strong><\/h4>\n\n\n\n<h4 class=\"wp-block-heading has-text-align-center\"><a href=\"https:\/\/www.gustaveroussy.fr\/\"><mark style=\"background-color:rgba(0, 0, 0, 0);color:#f02fbf\" class=\"has-inline-color\">https:\/\/www.gustaveroussy.fr\/<\/mark><\/a><\/h4>\n\n\n\n<p class=\"has-text-align-center\"><strong><mark style=\"background-color:rgba(0, 0, 0, 0)\" class=\"has-inline-color has-pale-pink-color\">50 nuances de rose est une campagne pour faire progresser la personnalisation des traitements dans le cancer du sein.<\/mark><\/strong><\/p>\n\n\n\n<p>Lien d&rsquo;inscription au tournoi : <a href=\"https:\/\/www.helloasso.com\/associations\/esm-volley\/evenements\/tournoi-de-volleyball-octobre-rose\">https:\/\/www.helloasso.com\/associations\/esm-volley\/evenements\/tournoi-de-volleyball-octobre-rose<\/a><\/p>\n\n\n<div class=\"wp-block-image is-style-default\">\n<figure class=\"aligncenter size-large\"><a href=\"http:\/\/esm-vb.com\/wp-content\/uploads\/2025\/09\/WhatsApp-Image-2025-09-29-at-08.17.17-1.jpeg\"><img loading=\"lazy\" decoding=\"async\" width=\"576\" height=\"1024\" src=\"http:\/\/esm-vb.com\/wp-content\/uploads\/2025\/09\/WhatsApp-Image-2025-09-29-at-08.17.17-1-576x1024.jpeg\" alt=\"\" class=\"wp-image-5273\" srcset=\"https:\/\/esm-vb.com\/wp-content\/uploads\/2025\/09\/WhatsApp-Image-2025-09-29-at-08.17.17-1-576x1024.jpeg 576w, https:\/\/esm-vb.com\/wp-content\/uploads\/2025\/09\/WhatsApp-Image-2025-09-29-at-08.17.17-1-169x300.jpeg 169w, https:\/\/esm-vb.com\/wp-content\/uploads\/2025\/09\/WhatsApp-Image-2025-09-29-at-08.17.17-1-768x1365.jpeg 768w, https:\/\/esm-vb.com\/wp-content\/uploads\/2025\/09\/WhatsApp-Image-2025-09-29-at-08.17.17-1-864x1536.jpeg 864w, https:\/\/esm-vb.com\/wp-content\/uploads\/2025\/09\/WhatsApp-Image-2025-09-29-at-08.17.17-1.jpeg 1080w\" sizes=\"auto, (max-width: 576px) 100vw, 576px\" \/><\/a><\/figure><\/div>","protected":false},"excerpt":{"rendered":"<p>Le bureau du club de volley de Massy, organise cette ann\u00e9e : Le tournoi caritatif \u00e0 l&rsquo;occasion de la Journ\u00e9e du cancer du seins. Toutes les participations seront revers\u00e9es au profit de Gustave Roussy pour le programme \u00ab\u00a050 nuances de rose\u00a0\u00bb. https:\/\/www.gustaveroussy.fr\/ 50 nuances de rose est une campagne pour faire progresser la personnalisation des<\/p>\n<div class=\"read-more\"><a href=\"https:\/\/esm-vb.com\/?page_id=5072\" title=\"Read More\">Read More<\/a><\/div>\n","protected":false},"author":18,"featured_media":5272,"parent":0,"menu_order":0,"comment_status":"closed","ping_status":"closed","template":"","meta":{"_exactmetrics_skip_tracking":false,"_exactmetrics_sitenote_active":false,"_exactmetrics_sitenote_note":"","_exactmetrics_sitenote_category":0,"footnotes":""},"class_list":["post-5072","page","type-page","status-publish","has-post-thumbnail"],"_links":{"self":[{"href":"https:\/\/esm-vb.com\/index.php?rest_route=\/wp\/v2\/pages\/5072","targetHints":{"allow":["GET"]}}],"collection":[{"href":"https:\/\/esm-vb.com\/index.php?rest_route=\/wp\/v2\/pages"}],"about":[{"href":"https:\/\/esm-vb.com\/index.php?rest_route=\/wp\/v2\/types\/page"}],"author":[{"embeddable":true,"href":"https:\/\/esm-vb.com\/index.php?rest_route=\/wp\/v2\/users\/18"}],"replies":[{"embeddable":true,"href":"https:\/\/esm-vb.com\/index.php?rest_route=%2Fwp%2Fv2%2Fcomments&post=5072"}],"version-history":[{"count":7,"href":"https:\/\/esm-vb.com\/index.php?rest_route=\/wp\/v2\/pages\/5072\/revisions"}],"predecessor-version":[{"id":5284,"href":"https:\/\/esm-vb.com\/index.php?rest_route=\/wp\/v2\/pages\/5072\/revisions\/5284"}],"wp:featuredmedia":[{"embeddable":true,"href":"https:\/\/esm-vb.com\/index.php?rest_route=\/wp\/v2\/media\/5272"}],"wp:attachment":[{"href":"https:\/\/esm-vb.com\/index.php?rest_route=%2Fwp%2Fv2%2Fmedia&parent=5072"}],"curies":[{"name":"wp","href":"https:\/\/api.w.org\/{rel}","templated":true}]}}