{"id":5029,"date":"2025-08-14T12:31:31","date_gmt":"2025-08-14T10:31:31","guid":{"rendered":"https:\/\/esm-vb.com\/?page_id=5029"},"modified":"2025-08-14T13:06:58","modified_gmt":"2025-08-14T11:06:58","slug":"historique-du-club-de-massy","status":"publish","type":"page","link":"https:\/\/esm-vb.com\/?page_id=5029","title":{"rendered":"Historique du club de Massy"},"content":{"rendered":"\n<div class=\"wp-block-columns is-layout-flex wp-container-core-columns-is-layout-9d6595d7 wp-block-columns-is-layout-flex\">\n<div class=\"wp-block-column is-layout-flow wp-block-column-is-layout-flow\" style=\"flex-basis:50%\"><div class=\"wp-block-image is-style-rounded\">\n<figure class=\"aligncenter size-large is-resized\"><a href=\"http:\/\/esm-vb.com\/wp-content\/uploads\/2025\/08\/WhatsApp-Image-2025-08-14-at-12.27.32.jpeg\"><img loading=\"lazy\" decoding=\"async\" width=\"768\" height=\"1024\" src=\"http:\/\/esm-vb.com\/wp-content\/uploads\/2025\/08\/WhatsApp-Image-2025-08-14-at-12.27.32-768x1024.jpeg\" alt=\"\" class=\"wp-image-5027\" style=\"width:274px;height:auto\" srcset=\"https:\/\/esm-vb.com\/wp-content\/uploads\/2025\/08\/WhatsApp-Image-2025-08-14-at-12.27.32-768x1024.jpeg 768w, https:\/\/esm-vb.com\/wp-content\/uploads\/2025\/08\/WhatsApp-Image-2025-08-14-at-12.27.32-225x300.jpeg 225w, https:\/\/esm-vb.com\/wp-content\/uploads\/2025\/08\/WhatsApp-Image-2025-08-14-at-12.27.32-1152x1536.jpeg 1152w, https:\/\/esm-vb.com\/wp-content\/uploads\/2025\/08\/WhatsApp-Image-2025-08-14-at-12.27.32.jpeg 1200w\" sizes=\"auto, (max-width: 768px) 100vw, 768px\" \/><\/a><\/figure><\/div><\/div>\n\n\n\n<div class=\"wp-block-column is-layout-flow wp-block-column-is-layout-flow\" style=\"flex-basis:50%\">\n<p><br><br>Depuis <strong>1966<\/strong>, le club de volley de Massy d\u00e9veloppe avec ses adh\u00e9rents une relation privil\u00e9gi\u00e9e.<br>Le nombre d\u2019adh\u00e9rents est en constante hausse et la <strong>bonne humeur<\/strong> au sein du club rayonne aupr\u00e8s de tous nos partenaires et clubs amis.<\/p>\n\n\n\n<p>Ce r\u00e9sultat est une cons\u00e9quence des efforts fournis par les b\u00e9n\u00e9voles actifs de l\u2019association.<\/p>\n<\/div>\n<\/div>\n\n\n\n<p><strong>Notre histoire<\/strong><\/p>\n\n\n\n<p>A l\u2019\u00e9poque de sa cr\u00e9ation, la section Volley-Ball du C.S.P.M. (Club Sportif du Petit Massy) compte une trentaine d&rsquo;adh\u00e9rents, dont une \u00e9quipe Seniors Masculins engag\u00e9e en comp\u00e9tition et un gros effectif de loisirs.<br>En 1971, une action forte est lanc\u00e9e aupr\u00e8s des jeunes avec l&rsquo;ouverture d&rsquo;une \u00e9cole de volley et l&rsquo;engagement d\u2019\u00e9quipes en comp\u00e9tition. Dans la foul\u00e9e, le club enregistre ses premiers r\u00e9sultats marquants avec une \u00e9quipe junior masculine en <strong>championnat de France<\/strong>.<\/p>\n\n\n\n<figure class=\"wp-block-image size-large\"><a href=\"https:\/\/esm-vb.com\/wp-content\/uploads\/2025\/08\/Capture-decran-2025-08-14-a-12.53.44.png\"><img loading=\"lazy\" decoding=\"async\" width=\"1024\" height=\"434\" src=\"https:\/\/esm-vb.com\/wp-content\/uploads\/2025\/08\/Capture-decran-2025-08-14-a-12.53.44-1024x434.png\" alt=\"\" class=\"wp-image-5042\" srcset=\"https:\/\/esm-vb.com\/wp-content\/uploads\/2025\/08\/Capture-decran-2025-08-14-a-12.53.44-1024x434.png 1024w, https:\/\/esm-vb.com\/wp-content\/uploads\/2025\/08\/Capture-decran-2025-08-14-a-12.53.44-300x127.png 300w, https:\/\/esm-vb.com\/wp-content\/uploads\/2025\/08\/Capture-decran-2025-08-14-a-12.53.44-768x326.png 768w, https:\/\/esm-vb.com\/wp-content\/uploads\/2025\/08\/Capture-decran-2025-08-14-a-12.53.44-1536x652.png 1536w, https:\/\/esm-vb.com\/wp-content\/uploads\/2025\/08\/Capture-decran-2025-08-14-a-12.53.44.png 1952w\" sizes=\"auto, (max-width: 1024px) 100vw, 1024px\" \/><\/a><\/figure>\n\n\n\n<p>Dans les ann\u00e9es 80, l&rsquo;\u00e9quipe Seniors Masculins commence son ascension et atteint le plus haut niveau r\u00e9gional. Au milieu des ann\u00e9es 80, la s\u00e9rie anim\u00e9e \u00ab\u00a0Jeanne et Serge\u00a0\u00bb dope les effectifs atteignant 140 licenci\u00e9s.<br>Durant la m\u00eame p\u00e9riode, l&rsquo;\u00e9quipe Seniors F\u00e9minines se hisse <strong>au plus haut niveau r\u00e9gional<\/strong> et dispute m\u00eame l&rsquo;accession en N3.<\/p>\n\n\n\n<div class=\"wp-block-columns is-layout-flex wp-container-core-columns-is-layout-9d6595d7 wp-block-columns-is-layout-flex\">\n<div class=\"wp-block-column is-layout-flow wp-block-column-is-layout-flow\" style=\"flex-basis:50%\">\n<p>En 2014, notre \u00e9quipe Seniors F\u00e9minines se place fi\u00e8rement en poule de <strong>R2<\/strong>, tandis que nos seniors masculins combattent dans la f\u00e9roce sph\u00e8re des <strong>D1<\/strong>.<br><br><br><br>Depuis les ann\u00e9es 2010, notre club se retrouve sur le podium en terme de licenci\u00e9s, et a parfois \u00e9t\u00e9 <strong>le premier en nombre de licenci\u00e9s<\/strong> FFVB dans le d\u00e9partement de l\u2019Essonne.<\/p>\n<\/div>\n\n\n\n<div class=\"wp-block-column is-layout-flow wp-block-column-is-layout-flow\" style=\"flex-basis:50%\">\n<figure class=\"wp-block-image size-large\"><a href=\"https:\/\/esm-vb.com\/wp-content\/uploads\/2025\/08\/Capture-decran-2025-08-14-a-12.42.14.png\"><img loading=\"lazy\" decoding=\"async\" width=\"1024\" height=\"857\" src=\"https:\/\/esm-vb.com\/wp-content\/uploads\/2025\/08\/Capture-decran-2025-08-14-a-12.42.14-1024x857.png\" alt=\"\" class=\"wp-image-5036\" srcset=\"https:\/\/esm-vb.com\/wp-content\/uploads\/2025\/08\/Capture-decran-2025-08-14-a-12.42.14-1024x857.png 1024w, https:\/\/esm-vb.com\/wp-content\/uploads\/2025\/08\/Capture-decran-2025-08-14-a-12.42.14-300x251.png 300w, https:\/\/esm-vb.com\/wp-content\/uploads\/2025\/08\/Capture-decran-2025-08-14-a-12.42.14-768x643.png 768w, https:\/\/esm-vb.com\/wp-content\/uploads\/2025\/08\/Capture-decran-2025-08-14-a-12.42.14-1536x1286.png 1536w, https:\/\/esm-vb.com\/wp-content\/uploads\/2025\/08\/Capture-decran-2025-08-14-a-12.42.14.png 1608w\" sizes=\"auto, (max-width: 1024px) 100vw, 1024px\" \/><\/a><\/figure>\n<\/div>\n<\/div>\n\n\n\n<p>Lors de la saison 2018\/19, notre \u00e9quipe Seniors F\u00e9minines r\u00e9ussit \u00e0 atteindre le niveau Pr\u00e9-National, apr\u00e8s un parcours sans faute durant la saison 2017\/18 : z\u00e9ro d\u00e9faite et un titre de championnes du d\u00e9partement lors des troph\u00e9es de l&rsquo;Essonne.<\/p>\n\n\n\n<p>Nos Seniors Masculins ont \u00e9galement su suivre le mouvement puisqu&rsquo;apr\u00e8s les barrages interd\u00e9partementaux, ils acc\u00e8dent au niveau R\u00e9gional pour la saison 2018\/19.<\/p>\n\n\n\n<p>Arriv\u00e9s dans des championnats de niveau bien sup\u00e9rieur au cours de la saison 2018\/19, les \u00e9quipes Seniors F\/M r\u00e9ussissent tout de m\u00eame a assur\u00e9 leur maintien dans leur championnat respectif pour la saison d&rsquo;apr\u00e8s.<\/p>\n\n\n\n<p>La saison 2019\/20 est marqu\u00e9e par quelques nouveaut\u00e9s ! Le nouveau bureau \u00e9lu pour la nouvelle saison a fait peau neuve sur le logo : nous pouvons y apercevoir un lion &#8211; cet animal symbolisant force, bravoure et noblesse est l\u2019embl\u00e8me du blason de la ville de Massy &#8211;&nbsp;Il est aussi possible de lire une date [1966] qui repr\u00e9sente l\u2019ann\u00e9e de cr\u00e9ation de notre cher club de volley-ball.<\/p>\n\n\n\n<p>Le club de volley de Massy fait partie de l&rsquo;omnisport de l&rsquo;<a href=\"https:\/\/esmassy91.fr\">Entente Sportive de Massy<\/a> qui regroupe de nombreuses sections sportives.<\/p>\n\n\n\n<p>Depuis 2023, le nouveau bureau s&rsquo;efforce de tout donner pour faire \u00e9voluer le club.<\/p>\n\n\n<div class=\"wp-block-image is-style-rounded\">\n<figure class=\"aligncenter size-large is-resized\"><a href=\"https:\/\/esm-vb.com\/wp-content\/uploads\/2025\/08\/WhatsApp-Image-2025-08-14-at-12.38.49-1.jpeg\"><img loading=\"lazy\" decoding=\"async\" width=\"1024\" height=\"769\" src=\"https:\/\/esm-vb.com\/wp-content\/uploads\/2025\/08\/WhatsApp-Image-2025-08-14-at-12.38.49-1-1024x769.jpeg\" alt=\"\" class=\"wp-image-5040\" style=\"width:459px;height:auto\" srcset=\"https:\/\/esm-vb.com\/wp-content\/uploads\/2025\/08\/WhatsApp-Image-2025-08-14-at-12.38.49-1-1024x769.jpeg 1024w, https:\/\/esm-vb.com\/wp-content\/uploads\/2025\/08\/WhatsApp-Image-2025-08-14-at-12.38.49-1-300x225.jpeg 300w, https:\/\/esm-vb.com\/wp-content\/uploads\/2025\/08\/WhatsApp-Image-2025-08-14-at-12.38.49-1-768x576.jpeg 768w, https:\/\/esm-vb.com\/wp-content\/uploads\/2025\/08\/WhatsApp-Image-2025-08-14-at-12.38.49-1-1536x1153.jpeg 1536w, https:\/\/esm-vb.com\/wp-content\/uploads\/2025\/08\/WhatsApp-Image-2025-08-14-at-12.38.49-1.jpeg 1600w\" sizes=\"auto, (max-width: 1024px) 100vw, 1024px\" \/><\/a><\/figure><\/div>\n\n\n<p>Fort de notre Ecole de Volley d\u00e9velopp\u00e9e, notre but est de permettre \u00e0 tous nos jeunes de s&rsquo;\u00e9panouir dans la pratique du volley ball dans la bonne humeur. Rien de tout cela ne serait possible sans l&rsquo;implication sans faille de tous nos coachs b\u00e9n\u00e9voles.<\/p>\n\n\n\n<p class=\"has-text-align-center\"><strong><mark style=\"background-color:rgba(0, 0, 0, 0);color:#2b92fe\" class=\"has-inline-color\">Pour la saison 2025\/2026, la section des SM2 vient d&rsquo;\u00eatre instaur\u00e9e de nouveau ! Nos 4 \u00e9quipes s\u00e9niors ont donc comme but de monter en R\u00e9gional pour les SF2, SM1, et SM2 et de viser la Pr\u00e9nationale de nouveau pour nos SF1!<\/mark><\/strong><\/p>\n\n\n\n<p class=\"has-text-align-center\"><strong><mark style=\"background-color:rgba(0, 0, 0, 0)\" class=\"has-inline-color has-luminous-vivid-amber-color\">Et bien s\u00fbr nous comptons sur tous nos jeunes pour faire briller le club gr\u00e2ce \u00e0 leurs sourires et passions!!<\/mark><\/strong><\/p>\n\n\n\n<p>  <\/p>\n\n\n\n<p>  <\/p>\n\n\n\n<p><\/p>\n","protected":false},"excerpt":{"rendered":"<p>Depuis 1966, le club de volley de Massy d\u00e9veloppe avec ses adh\u00e9rents une relation privil\u00e9gi\u00e9e.Le nombre d\u2019adh\u00e9rents est en constante hausse et la bonne humeur au sein du club rayonne aupr\u00e8s de tous nos partenaires et clubs amis. Ce r\u00e9sultat est une cons\u00e9quence des efforts fournis par les b\u00e9n\u00e9voles actifs de l\u2019association. Notre histoire A<\/p>\n<div class=\"read-more\"><a href=\"https:\/\/esm-vb.com\/?page_id=5029\" title=\"Read More\">Read More<\/a><\/div>\n","protected":false},"author":18,"featured_media":0,"parent":0,"menu_order":0,"comment_status":"closed","ping_status":"closed","template":"","meta":{"_exactmetrics_skip_tracking":false,"_exactmetrics_sitenote_active":false,"_exactmetrics_sitenote_note":"","_exactmetrics_sitenote_category":0,"footnotes":""},"class_list":["post-5029","page","type-page","status-publish"],"_links":{"self":[{"href":"https:\/\/esm-vb.com\/index.php?rest_route=\/wp\/v2\/pages\/5029","targetHints":{"allow":["GET"]}}],"collection":[{"href":"https:\/\/esm-vb.com\/index.php?rest_route=\/wp\/v2\/pages"}],"about":[{"href":"https:\/\/esm-vb.com\/index.php?rest_route=\/wp\/v2\/types\/page"}],"author":[{"embeddable":true,"href":"https:\/\/esm-vb.com\/index.php?rest_route=\/wp\/v2\/users\/18"}],"replies":[{"embeddable":true,"href":"https:\/\/esm-vb.com\/index.php?rest_route=%2Fwp%2Fv2%2Fcomments&post=5029"}],"version-history":[{"count":13,"href":"https:\/\/esm-vb.com\/index.php?rest_route=\/wp\/v2\/pages\/5029\/revisions"}],"predecessor-version":[{"id":5054,"href":"https:\/\/esm-vb.com\/index.php?rest_route=\/wp\/v2\/pages\/5029\/revisions\/5054"}],"wp:attachment":[{"href":"https:\/\/esm-vb.com\/index.php?rest_route=%2Fwp%2Fv2%2Fmedia&parent=5029"}],"curies":[{"name":"wp","href":"https:\/\/api.w.org\/{rel}","templated":true}]}}