{"id":4904,"date":"2025-08-12T18:04:30","date_gmt":"2025-08-12T16:04:30","guid":{"rendered":"https:\/\/esm-vb.com\/?page_id=4904"},"modified":"2025-09-05T17:55:04","modified_gmt":"2025-09-05T15:55:04","slug":"edv-inscriptions","status":"publish","type":"page","link":"https:\/\/esm-vb.com\/?page_id=4904","title":{"rendered":"EDV &#8211; Inscriptions"},"content":{"rendered":"\n<p class=\"has-text-align-center\"><strong><mark style=\"background-color:rgba(0, 0, 0, 0)\" class=\"has-inline-color has-vivid-red-color\">LES INSCRIPTIONS NE SONT A FAIRE QU&rsquo;APRES AVOIR RECU L&rsquo;AVAL DU COACH<\/mark><\/strong><br>Toutes inscriptions n&rsquo;ayant pas \u00e9t\u00e9 discut\u00e9es avec la coach aupr\u00e8sable, se verront refus\u00e9es. <\/p>\n\n\n\n<p>La nouveaut\u00e9 cette ann\u00e9e r\u00e9side dans le nouvel outil de prise de licence : <a href=\"https:\/\/my.ffvolley.org\" data-type=\"link\" data-id=\"https:\/\/my.ffvolley.org\" target=\"_blank\" rel=\"noreferrer noopener\">MyFFvolley<\/a>. Nous vous avons pr\u00e9par\u00e9 le tutoriel ci-dessous pour vous guider \u00e0 travers votre prise de licence. <\/p>\n\n\n\n<p>Avant toute chose, assurez vous d&rsquo;avoir \u00e0 votre disposition : <strong>Certificat M\u00e9dical, photo d&rsquo;identit\u00e9 de votre enfant ainsi que la carte d&rsquo;identit\u00e9 num\u00e9ris\u00e9e<\/strong><\/p>\n\n\n\n<p><strong><mark style=\"background-color:#f4f0ed;color:#ff003d\" class=\"has-inline-color\">1\/ Cr\u00e9er son compte<\/mark><\/strong><\/p>\n\n\n\n<ul class=\"wp-block-list\">\n<li>Se rendre sur le site : myffvolley (<a href=\"https:\/\/my.ffvolley.org\/\" data-type=\"link\" data-id=\"https:\/\/my.ffvolley.org\/\">https:\/\/my.ffvolley.org\/<\/a>)<\/li>\n\n\n\n<li>Si vous n\u2019avez jamais eu de compte sur myffvolley, cliquer sur <strong>S\u2019ENREGISTRER<\/strong>.<\/li>\n\n\n\n<li>Entrer votre adresse mail et un mot de passe, vous allez recevoir un mail pour la suite des d\u00e9marches<\/li>\n\n\n\n<li>Si vous avez un compte sur l\u2019ancienne version de myffvolley, cliquer sur <strong>MOT DE PASSE OUBLIE<\/strong><\/li>\n<\/ul>\n\n\n\n<p><strong><mark style=\"background-color:#f4f0ed;color:#ff003d\" class=\"has-inline-color\">2\/ Cr\u00e9er un profil ENFANT<\/mark><\/strong><\/p>\n\n\n\n<ul class=\"wp-block-list\">\n<li>Pour l\u2019inscription d\u2019un mineur, l\u2019adulte responsable doit cr\u00e9er un compte \u00e0 son propre nom. <br>Dans son compte <em>si le parent ne pratique pas le volley-ball<\/em>, s\u00e9lectionner dans niveau de pratique <strong>NON PRATIQUANT<\/strong>.<\/li>\n\n\n\n<li>Puis cliquer sur <strong>AJOUTER UN ENFANT<\/strong>, puis renseigner les informations demand\u00e9es<\/li>\n\n\n\n<li>Si l\u2019enfant n\u2019a pas de CNI, il faut t\u00e9l\u00e9charger le livret de famille \u00ab page des parents \u00bb et \u00ab pages de l\u2019enfant \u00bb. <mark style=\"background-color:rgba(0, 0, 0, 0)\" class=\"has-inline-color has-luminous-vivid-orange-color\">ATTENTION au cadrage et la qualit\u00e9 de l\u2019image<\/mark>.<\/li>\n<\/ul>\n\n\n\n<p><em>Un num\u00e9ro de t\u00e9l\u00e9phone est demand\u00e9 pour la licence de votre enfant. Nous laissons au parent le choix de donner leur num\u00e9ro de t\u00e9l\u00e9phone personnel ou celui de leur enfant. <\/em><\/p>\n\n\n\n<p><strong><mark style=\"background-color:#f4f0ed;color:#ff003d\" class=\"has-inline-color\">3\/ Cr\u00e9er la licence ENFANT<\/mark><\/strong><\/p>\n\n\n\n<ul class=\"wp-block-list\">\n<li>En haut \u00e0 droit cliquer sur \u00ab licence \u00bb<\/li>\n\n\n\n<li>Cliquer sur <strong>AJOUTER UNE AUTRE LICENCE<\/strong><\/li>\n\n\n\n<li>Cliquer sur le profil concern\u00e9 par la demande de licence<\/li>\n\n\n\n<li>Choisir son club : <mark style=\"background-color:rgba(0, 0, 0, 0)\" class=\"has-inline-color has-luminous-vivid-orange-color\">D\u00e9partement 91, Club ES Massy<\/mark><\/li>\n\n\n\n<li>Renseigner toutes les informations demand\u00e9es<\/li>\n\n\n\n<li>Choisir son type de licence (Le club se r\u00e9serve le droit de faire des modifications sur les types de licence demand\u00e9es)<\/li>\n\n\n\n<li><strong><mark style=\"background-color:rgba(0, 0, 0, 0)\" class=\"has-inline-color has-vivid-red-color\">Choisir son assurance (obligatoire) :&nbsp;OPTION DE BASE&nbsp;(prise en charge)<\/mark><\/strong>, suppl\u00e9ment \u00e0 payer par le joueur pour toutes les autres options.<\/li>\n\n\n\n<li>Certificat m\u00e9dical avec \u00ab simple surclassement \u00bb obligatoire : (Cf. Pi\u00e8ce jointe ci-apr\u00e8s) <a href=\"http:\/\/esm-vb.com\/wp-content\/uploads\/2025\/08\/Certificat-medical_simple-surclassement.pdf\" target=\"_blank\" rel=\"noreferrer noopener\"><mark style=\"background-color:rgba(0, 0, 0, 0);color:#0e885b\" class=\"has-inline-color\">T\u00e9l\u00e9charger le certificat m\u00e9dical<\/mark><\/a><br><\/li>\n\n\n\n<li>Photo d\u2019identit\u00e9 r\u00e9cente (si vous n\u2019en n\u2019avez pas, prenez votre enfant en photo de face contre un mur clair)<\/li>\n\n\n\n<li>Bien penser \u00e0 <strong>SIGNER<\/strong> le dossier pour que le bureau puisse le valider<\/li>\n<\/ul>\n\n\n\n<p><em>Un num\u00e9ro de t\u00e9l\u00e9phone est demand\u00e9 pour la licence de votre enfant. Nous laissons au parent le choix de donner leur num\u00e9ro de t\u00e9l\u00e9phone personnel ou celui de leur enfant. <\/em><\/p>\n\n\n\n<p>Une fois ceci termin\u00e9 :<\/p>\n\n\n\n<ul class=\"wp-block-list\">\n<li>Le club va recevoir une demande de licence et v\u00e9rifiera toutes les informations<\/li>\n\n\n\n<li>Si toutes les informations sont correctes et si tous les documents sont joints le club valide la licence<\/li>\n\n\n\n<li>Vous recevrez un lien de paiement (Hello asso) par email<\/li>\n<\/ul>\n\n\n\n<div class=\"wp-block-group\"><div class=\"wp-block-group__inner-container is-layout-constrained wp-block-group-is-layout-constrained\">\n<p><strong><mark style=\"background-color:#f4f0ed;color:#7ed100\" class=\"has-inline-color\">Les diff\u00e9rents types de paiement<\/mark><\/strong><\/p>\n\n\n\n<ul class=\"wp-block-list\">\n<li><em>Lien de paiement <strong>CB<\/strong> via <strong>Hello Asso <\/strong>: Cf. grille tarifaire selon la section<\/em><\/li>\n\n\n\n<li><em>Paiement en 3 fois possible via Hello Asso<\/em><\/li>\n\n\n\n<li><em>Coupon sport, ch\u00e8que du comit\u00e9 d\u2019entreprise, \u2026 via Hello Asso<\/em><\/li>\n\n\n\n<li><em>Paiement par <strong>ch\u00e8que<\/strong> : la licence ne sera valid\u00e9e qu\u2019une fois le ch\u00e8que donn\u00e9 au coach (nom\/pr\u00e9nom de l\u2019enfant\/ section au dos)<\/em><\/li>\n\n\n\n<li><em><strong>Liquide<\/strong> : paiement \u00e0 donner au coach dans une enveloppe ferm\u00e9e avec nom\/pr\u00e9nom de l\u2019enfant\/section. La licence ne sera valid\u00e9e qu\u2019une fois le paiement donn\u00e9 au coach.<\/em><\/li>\n<\/ul>\n<\/div><\/div>\n\n\n\n<p><strong>IMPORTANT<\/strong>: une cotisation suppl\u00e9mentaire vous sera demand\u00e9e pour l&rsquo;achat des maillots pour les jeunes de l&rsquo;\u00e9cole de volley.<br>Si votre enfant \u00e9tait dans la section les ann\u00e9es pr\u00e9c\u00e9dentes et poss\u00e8de d\u00e9j\u00e0 son maillot, cette cotisation ne sera pas appliqu\u00e9e.<\/p>\n\n\n\n<figure class=\"wp-block-image size-full\"><a href=\"https:\/\/esm-vb.com\/wp-content\/uploads\/2025\/09\/image.png\"><img loading=\"lazy\" decoding=\"async\" width=\"578\" height=\"118\" src=\"https:\/\/esm-vb.com\/wp-content\/uploads\/2025\/09\/image.png\" alt=\"\" class=\"wp-image-5250\" srcset=\"https:\/\/esm-vb.com\/wp-content\/uploads\/2025\/09\/image.png 578w, https:\/\/esm-vb.com\/wp-content\/uploads\/2025\/09\/image-300x61.png 300w\" sizes=\"auto, (max-width: 578px) 100vw, 578px\" \/><\/a><\/figure>\n\n\n\n<p><\/p>\n\n\n\n<p>Pour d\u2019autres informations vous pouvez nous contacter : <a href=\"mailto:esmassy.volley@gmail.com\">esmassy.volley@gmail.com<\/a><\/p>\n\n\n\n<p><\/p>\n","protected":false},"excerpt":{"rendered":"<p>LES INSCRIPTIONS NE SONT A FAIRE QU&rsquo;APRES AVOIR RECU L&rsquo;AVAL DU COACHToutes inscriptions n&rsquo;ayant pas \u00e9t\u00e9 discut\u00e9es avec la coach aupr\u00e8sable, se verront refus\u00e9es. La nouveaut\u00e9 cette ann\u00e9e r\u00e9side dans le nouvel outil de prise de licence : MyFFvolley. Nous vous avons pr\u00e9par\u00e9 le tutoriel ci-dessous pour vous guider \u00e0 travers votre prise de licence.<\/p>\n<div class=\"read-more\"><a href=\"https:\/\/esm-vb.com\/?page_id=4904\" title=\"Read More\">Read More<\/a><\/div>\n","protected":false},"author":18,"featured_media":0,"parent":0,"menu_order":0,"comment_status":"closed","ping_status":"closed","template":"","meta":{"_exactmetrics_skip_tracking":false,"_exactmetrics_sitenote_active":false,"_exactmetrics_sitenote_note":"","_exactmetrics_sitenote_category":0,"footnotes":""},"class_list":["post-4904","page","type-page","status-publish"],"_links":{"self":[{"href":"https:\/\/esm-vb.com\/index.php?rest_route=\/wp\/v2\/pages\/4904","targetHints":{"allow":["GET"]}}],"collection":[{"href":"https:\/\/esm-vb.com\/index.php?rest_route=\/wp\/v2\/pages"}],"about":[{"href":"https:\/\/esm-vb.com\/index.php?rest_route=\/wp\/v2\/types\/page"}],"author":[{"embeddable":true,"href":"https:\/\/esm-vb.com\/index.php?rest_route=\/wp\/v2\/users\/18"}],"replies":[{"embeddable":true,"href":"https:\/\/esm-vb.com\/index.php?rest_route=%2Fwp%2Fv2%2Fcomments&post=4904"}],"version-history":[{"count":27,"href":"https:\/\/esm-vb.com\/index.php?rest_route=\/wp\/v2\/pages\/4904\/revisions"}],"predecessor-version":[{"id":5260,"href":"https:\/\/esm-vb.com\/index.php?rest_route=\/wp\/v2\/pages\/4904\/revisions\/5260"}],"wp:attachment":[{"href":"https:\/\/esm-vb.com\/index.php?rest_route=%2Fwp%2Fv2%2Fmedia&parent=4904"}],"curies":[{"name":"wp","href":"https:\/\/api.w.org\/{rel}","templated":true}]}}