{"id":4891,"date":"2025-08-12T17:41:02","date_gmt":"2025-08-12T15:41:02","guid":{"rendered":"https:\/\/esm-vb.com\/?page_id=4891"},"modified":"2025-08-13T11:02:21","modified_gmt":"2025-08-13T09:02:21","slug":"ecole-de-volley","status":"publish","type":"page","link":"https:\/\/esm-vb.com\/?page_id=4891","title":{"rendered":"Ecole de Volley"},"content":{"rendered":"\n<figure class=\"wp-block-image size-large\"><a href=\"https:\/\/esm-vb.com\/wp-content\/uploads\/2025\/08\/image-2.png\"><img loading=\"lazy\" decoding=\"async\" width=\"1024\" height=\"309\" src=\"https:\/\/esm-vb.com\/wp-content\/uploads\/2025\/08\/image-2-1024x309.png\" alt=\"\" class=\"wp-image-4945\" srcset=\"https:\/\/esm-vb.com\/wp-content\/uploads\/2025\/08\/image-2-1024x309.png 1024w, https:\/\/esm-vb.com\/wp-content\/uploads\/2025\/08\/image-2-300x91.png 300w, https:\/\/esm-vb.com\/wp-content\/uploads\/2025\/08\/image-2-768x232.png 768w, https:\/\/esm-vb.com\/wp-content\/uploads\/2025\/08\/image-2-1536x464.png 1536w, https:\/\/esm-vb.com\/wp-content\/uploads\/2025\/08\/image-2.png 1556w\" sizes=\"auto, (max-width: 1024px) 100vw, 1024px\" \/><\/a><\/figure>\n\n\n\n<h2 class=\"wp-block-heading\"><strong><mark style=\"background-color:rgba(0, 0, 0, 0);color:#da4167\" class=\"has-inline-color\">Qu\u2019est-ce que l\u2019\u00e9cole de volley (EDV)?<\/mark><\/strong><\/h2>\n\n\n\n<p>\u00c0 l\u2019initiative de Ludovic Fialaix et pour r\u00e9pondre aux exigences de la F\u00e9d\u00e9ration Fran\u00e7aise de Volleyball (FFVB), l\u2019\u00e9cole de volley\u00a0fut\u00a0cr\u00e9\u00e9e en 2010. \u00c0 son ouverture, l\u2019\u00c9cole de Volley (EDV) ne comptabilisait qu\u2019une dizaine d\u2019enfants.<\/p>\n\n\n\n<p>Aujourd\u2019hui\u00a0labellis\u00e9e\u00a0par la FFVB \u00ab Club Formateur Bronze \u00bb, ce sont plus d\u2019une centaine de licenci\u00e9s \u00e2g\u00e9s de 7 \u00e0 18 ans qui d\u00e9couvrent ou approfondissent leur pratique du volleyball.<\/p>\n\n\n\n<p>L\u2019\u00e9cole de volley de Massy est l\u2019une des&nbsp;<strong>trois<\/strong>&nbsp;plus grandes \u00e9coles de volley de l\u2019Essonne.<\/p>\n\n\n\n<p>Elle est\u00a0labellis\u00e9e\u00a0\u00ab club formateur bronze \u00bb depuis 8 ans.<\/p>\n\n\n\n<figure class=\"wp-block-image size-large is-resized is-style-default\"><a href=\"https:\/\/esm-vb.com\/wp-content\/uploads\/2025\/08\/image-3.png\"><img loading=\"lazy\" decoding=\"async\" width=\"1024\" height=\"703\" src=\"https:\/\/esm-vb.com\/wp-content\/uploads\/2025\/08\/image-3-1024x703.png\" alt=\"\" class=\"wp-image-4946\" style=\"width:529px;height:auto\" srcset=\"https:\/\/esm-vb.com\/wp-content\/uploads\/2025\/08\/image-3-1024x703.png 1024w, https:\/\/esm-vb.com\/wp-content\/uploads\/2025\/08\/image-3-300x206.png 300w, https:\/\/esm-vb.com\/wp-content\/uploads\/2025\/08\/image-3-768x527.png 768w, https:\/\/esm-vb.com\/wp-content\/uploads\/2025\/08\/image-3.png 1296w\" sizes=\"auto, (max-width: 1024px) 100vw, 1024px\" \/><\/a><\/figure>\n\n\n\n<h2 class=\"wp-block-heading\"><strong><mark style=\"background-color:rgba(0, 0, 0, 0);color:#4fcfd8\" class=\"has-inline-color\">Les objectifs de l\u2019\u00e9cole de volley<\/mark><\/strong><\/h2>\n\n\n\n<ul class=\"wp-block-list\">\n<li>Le sport est avant tout une activit\u00e9 de loisir. Le fair-play et le bien-\u00eatre de l\u2019enfant seront toujours une priorit\u00e9.<\/li>\n\n\n\n<li>Nous sommes un club de formation du joueur.<\/li>\n\n\n\n<li>Favoriser le d\u00e9veloppement moteur de l\u2019enfant : le volley est une activit\u00e9 physique qui n\u00e9cessite des coordinations complexes qui se d\u00e9veloppent gr\u00e2ce \u00e0 l\u2019entra\u00eenement. C\u2019est pour cela que nous essayons d\u2019avoir plusieurs entra\u00eenements par semaine.<\/li>\n\n\n\n<li>Le volley est une activit\u00e9 qui se pratique en comp\u00e9tition. Gr\u00e2ce \u00e0 leur participation \u00e0 diff\u00e9rents plateaux, tournois et matchs, nous voulons d\u00e9velopper l\u2019esprit d\u2019\u00e9quipe et de comp\u00e9tition chez les enfants. Si le licenci\u00e9 le souhaite, il pourra \u00e9galement se former \u00e0 l\u2019arbitrage.<\/li>\n\n\n\n<li>Pour les licenci\u00e9s soucieux de progresser et cherchant \u00e0 performer, nos coachs pourront leur proposer des stages de d\u00e9tection.<\/li>\n\n\n\n<li>D\u00e9velopper la culture du volley est aussi au c\u0153ur de notre projet, gr\u00e2ce \u00e0 la participation aux comp\u00e9titions, mais aussi en tant qu\u2019arbitre et supporteurs. Les licenci\u00e9s seront invit\u00e9s \u00e0 encourager nos \u00e9quipes locales, mais aussi les \u00e9quipes r\u00e9gionales lors des matchs officiels.<\/li>\n\n\n\n<li>Former et fid\u00e9liser les coachs qui se mobilisent toutes les semaines pour que nos adh\u00e9rents puissent jouer en toute s\u00e9curit\u00e9 et s\u2019\u00e9panouir dans notre sport.<\/li>\n\n\n\n<li>Un point d\u2019honneur sera mis cette ann\u00e9e\u00a0\u00e0\u00a0la formation (interne et externe) de nos coachs. Il est important que chacun puisse comprendre la logique de formation des jeunes afin de mieux les accompagner.<\/li>\n<\/ul>\n\n\n\n<h2 class=\"wp-block-heading\"><strong><mark style=\"background-color:rgba(0, 0, 0, 0)\" class=\"has-inline-color has-vivid-green-cyan-color\">Bilan de la saison 2024-2025<\/mark><\/strong><\/h2>\n\n\n\n<p><strong>Les cr\u00e9neaux d&rsquo;entrainements \u00e9taient les suivants: <\/strong><\/p>\n\n\n\n<figure class=\"wp-block-image size-large\"><a href=\"https:\/\/esm-vb.com\/wp-content\/uploads\/2025\/08\/image-4.png\"><img loading=\"lazy\" decoding=\"async\" width=\"1024\" height=\"740\" src=\"https:\/\/esm-vb.com\/wp-content\/uploads\/2025\/08\/image-4-1024x740.png\" alt=\"\" class=\"wp-image-4947\" srcset=\"https:\/\/esm-vb.com\/wp-content\/uploads\/2025\/08\/image-4-1024x740.png 1024w, https:\/\/esm-vb.com\/wp-content\/uploads\/2025\/08\/image-4-300x217.png 300w, https:\/\/esm-vb.com\/wp-content\/uploads\/2025\/08\/image-4-768x555.png 768w, https:\/\/esm-vb.com\/wp-content\/uploads\/2025\/08\/image-4-1536x1110.png 1536w, https:\/\/esm-vb.com\/wp-content\/uploads\/2025\/08\/image-4.png 1578w\" sizes=\"auto, (max-width: 1024px) 100vw, 1024px\" \/><\/a><\/figure>\n\n\n\n<p><strong>Les formations (coach et arbitre)<\/strong><\/p>\n\n\n\n<p>Les entraineurs dipl\u00f4m\u00e9s : Xavier, S\u00e9bastien, Ewen, Benjamin, Nicola<\/p>\n\n\n\n<p>Guillaume LAMBERT a pu acc\u00e9der \u00e0 la formation DRE1 (animateur)<\/p>\n\n\n\n<p><strong>La saison 2024-2025 de l&rsquo;EDV en chiffres<\/strong><\/p>\n\n\n\n<p>Une augmentation du nombre de licenci\u00e9s : +32 licences par rapport \u00e0 l\u2019ann\u00e9e pr\u00e9c\u00e9dente.<\/p>\n\n\n\n<p>Une population plut\u00f4t f\u00e9minine chez les M15 et M18 : 94 filles pour 20 gar\u00e7ons.<\/p>\n\n\n\n<p>La cr\u00e9ation d\u2019une \u00e9quipe f\u00e9minine M18 suppl\u00e9mentaire.<\/p>\n\n\n\n<p>Le d\u00e9doublement du cr\u00e9neau M15\/M18 loisir : l\u2019engouement pour le volley a \u00e9t\u00e9 tel que nous avons mis en place un second cr\u00e9neau afin de r\u00e9pondre aux besoins. Il y a d\u00e9sormais un cr\u00e9neau M15 loisir et un autre M18 loisir.<\/p>\n\n\n\n<figure class=\"wp-block-image size-large\"><a href=\"https:\/\/esm-vb.com\/wp-content\/uploads\/2025\/08\/image-5.png\"><img loading=\"lazy\" decoding=\"async\" width=\"1024\" height=\"405\" src=\"https:\/\/esm-vb.com\/wp-content\/uploads\/2025\/08\/image-5-1024x405.png\" alt=\"\" class=\"wp-image-4948\" srcset=\"https:\/\/esm-vb.com\/wp-content\/uploads\/2025\/08\/image-5-1024x405.png 1024w, https:\/\/esm-vb.com\/wp-content\/uploads\/2025\/08\/image-5-300x119.png 300w, https:\/\/esm-vb.com\/wp-content\/uploads\/2025\/08\/image-5-768x304.png 768w, https:\/\/esm-vb.com\/wp-content\/uploads\/2025\/08\/image-5.png 1366w\" sizes=\"auto, (max-width: 1024px) 100vw, 1024px\" \/><\/a><\/figure>\n\n\n\n<p><\/p>\n\n\n\n<h2 class=\"wp-block-heading\"><strong><mark style=\"background-color:rgba(0, 0, 0, 0);color:#ff9100\" class=\"has-inline-color\">Projet 2025-2026<\/mark><\/strong><\/h2>\n\n\n\n<p><strong>Les entraineurs :<\/strong><\/p>\n\n\n\n<p>M9\/M11 : Laura, Elise, Emma, Agathe, Albane<br>M13 : Guillaume, Rapha\u00ebl, Philippe, Gaby, Sakina<br>M15 : Nolann, Douaa<br>M15\/ M18 loisir : Margaux, Laura, S\u00e9bastien, Julien<br>M18 filles : S\u00e9bastien, Herv\u00e9<br>M15 \/ M18 gar\u00e7ons : Ewen, Julien (matchs)<\/p>\n\n\n\n<p><strong>Les<\/strong> <strong>installations<\/strong><\/p>\n\n\n\n<p>Gymnase Vilgenis<br>Gymnase Jean Moulin<br>Gymnase Camus<br>Gymnase Descartes<br>Gymnase Desgrolard<br>Gymnase Atlantis<\/p>\n\n\n\n<p><\/p>\n\n\n\n<p><\/p>\n\n\n\n<p><\/p>\n\n\n\n<p><\/p>\n\n\n\n<p><\/p>\n\n\n\n<p><\/p>\n\n\n\n<p><\/p>\n\n\n\n<p><\/p>\n\n\n\n<p><\/p>\n\n\n\n<p><\/p>\n","protected":false},"excerpt":{"rendered":"<p>Qu\u2019est-ce que l\u2019\u00e9cole de volley (EDV)? \u00c0 l\u2019initiative de Ludovic Fialaix et pour r\u00e9pondre aux exigences de la F\u00e9d\u00e9ration Fran\u00e7aise de Volleyball (FFVB), l\u2019\u00e9cole de volley\u00a0fut\u00a0cr\u00e9\u00e9e en 2010. \u00c0 son ouverture, l\u2019\u00c9cole de Volley (EDV) ne comptabilisait qu\u2019une dizaine d\u2019enfants. Aujourd\u2019hui\u00a0labellis\u00e9e\u00a0par la FFVB \u00ab Club Formateur Bronze \u00bb, ce sont plus d\u2019une centaine de licenci\u00e9s<\/p>\n<div class=\"read-more\"><a href=\"https:\/\/esm-vb.com\/?page_id=4891\" title=\"Read More\">Read More<\/a><\/div>\n","protected":false},"author":18,"featured_media":0,"parent":0,"menu_order":0,"comment_status":"closed","ping_status":"closed","template":"","meta":{"_exactmetrics_skip_tracking":false,"_exactmetrics_sitenote_active":false,"_exactmetrics_sitenote_note":"","_exactmetrics_sitenote_category":0,"footnotes":""},"class_list":["post-4891","page","type-page","status-publish"],"_links":{"self":[{"href":"https:\/\/esm-vb.com\/index.php?rest_route=\/wp\/v2\/pages\/4891","targetHints":{"allow":["GET"]}}],"collection":[{"href":"https:\/\/esm-vb.com\/index.php?rest_route=\/wp\/v2\/pages"}],"about":[{"href":"https:\/\/esm-vb.com\/index.php?rest_route=\/wp\/v2\/types\/page"}],"author":[{"embeddable":true,"href":"https:\/\/esm-vb.com\/index.php?rest_route=\/wp\/v2\/users\/18"}],"replies":[{"embeddable":true,"href":"https:\/\/esm-vb.com\/index.php?rest_route=%2Fwp%2Fv2%2Fcomments&post=4891"}],"version-history":[{"count":5,"href":"https:\/\/esm-vb.com\/index.php?rest_route=\/wp\/v2\/pages\/4891\/revisions"}],"predecessor-version":[{"id":4953,"href":"https:\/\/esm-vb.com\/index.php?rest_route=\/wp\/v2\/pages\/4891\/revisions\/4953"}],"wp:attachment":[{"href":"https:\/\/esm-vb.com\/index.php?rest_route=%2Fwp%2Fv2%2Fmedia&parent=4891"}],"curies":[{"name":"wp","href":"https:\/\/api.w.org\/{rel}","templated":true}]}}