{"id":44,"date":"2015-02-12T11:18:54","date_gmt":"2015-02-12T11:18:54","guid":{"rendered":"http:\/\/esm-volley.fr\/wordpress\/?page_id=44"},"modified":"2025-09-18T11:52:08","modified_gmt":"2025-09-18T09:52:08","slug":"les-joueuses-sf","status":"publish","type":"page","link":"https:\/\/esm-vb.com\/?page_id=44","title":{"rendered":"Les Seniors F\u00e9minines 1"},"content":{"rendered":"\n<figure class=\"wp-block-image size-large\"><a href=\"https:\/\/esm-vb.com\/wp-content\/uploads\/2025\/08\/image-8.png\"><img loading=\"lazy\" decoding=\"async\" width=\"1024\" height=\"577\" src=\"https:\/\/esm-vb.com\/wp-content\/uploads\/2025\/08\/image-8-1024x577.png\" alt=\"\" class=\"wp-image-4966\" srcset=\"https:\/\/esm-vb.com\/wp-content\/uploads\/2025\/08\/image-8-1024x577.png 1024w, https:\/\/esm-vb.com\/wp-content\/uploads\/2025\/08\/image-8-300x169.png 300w, https:\/\/esm-vb.com\/wp-content\/uploads\/2025\/08\/image-8-768x432.png 768w, https:\/\/esm-vb.com\/wp-content\/uploads\/2025\/08\/image-8-1536x865.png 1536w, https:\/\/esm-vb.com\/wp-content\/uploads\/2025\/08\/image-8.png 1600w\" sizes=\"auto, (max-width: 1024px) 100vw, 1024px\" \/><\/a><figcaption class=\"wp-element-caption\">Les SF1 &#8211; 2025<\/figcaption><\/figure>\n\n\n\n<h2 class=\"wp-block-heading\"><mark style=\"background-color:rgba(0, 0, 0, 0)\" class=\"has-inline-color has-vivid-purple-color\">C&rsquo;est la rentr\u00e9e!!! <\/mark><\/h2>\n\n\n\n<p>Reprise des entra\u00eenements en ext\u00e9rieur le 18 ao\u00fbt et en gymnase le 27 ao\u00fbt.<\/p>\n\n\n\n<p>Entra\u00eenements les mercredis \/ vendredis de 20h30 \u00e0 22h30 au gymnase Jean Moulin \u00e0 Massy.<\/p>\n\n\n<h2>L&rsquo;\u00e9quipe<\/h2>\n<p>Les \u00ab\u00a0SF\u00a0\u00bb n&rsquo;est pas un acronyme pour San Francisco mais bien <em>Seniors F\u00e9minines<\/em>.<\/p>\n<p>Elles ont jou\u00e9 dans la cours des grands (haut de tableau de la R\u00e9gionale 1, disputant m\u00eame la mont\u00e9e en Nationale 3) durant les ann\u00e9es 80, mais suite \u00e0 des d\u00e9parts successifs, les r\u00e9sultats ont commenc\u00e9 \u00e0 chuter dans les ann\u00e9es 90.<\/p>\n<p>A partir des ann\u00e9es 2000, les effectifs reviennent et permettent la cr\u00e9ation de 2 \u00e9quipes. L&rsquo;\u00e9quipe premi\u00e8re joue en r\u00e9gional mais redescend en d\u00e9partemental au bout de 2 ans, entra\u00eenant le d\u00e9part de plusieurs joueuses.<\/p>\n<p>Depuis 2010, les SF ont su (re)cr\u00e9er un groupe fort et dynamique pour atteindre le niveau r\u00e9gional et s&rsquo;y imposer.<\/p>\n<p>Au cours de la saison 2017-2018 nos filles ont termin\u00e9 en haut du tableau, disputant l&rsquo;accession en pr\u00e9-national.<\/p>\n<p>L&rsquo;\u00e9quipe a ensuite confirm\u00e9 sa place dans le championnat pr\u00e9-national 2018-2023 en se maintenant au m\u00eame niveau, de part leur envie et leur esprit d&rsquo;\u00e9quipe toujours intact.<\/p>\n<p>La saison 2024\/2025 se termine par un maintient en R\u00e9gional 1, sous la houlette de Valentin, leur coach.<\/p>\n<h1 style=\"text-align: center;\"><strong>OBJECTIF 2025\/026: LA PRENATIONALE!\u00a0<\/strong><\/h1>\n<p>On leur souhaite pour cette nouvelle saison toujours autant de r\u00e9ussite !<\/p>\n\n\n<figure class=\"wp-block-image size-large\"><a href=\"https:\/\/esm-vb.com\/wp-content\/uploads\/2025\/08\/image-11.png\"><img loading=\"lazy\" decoding=\"async\" width=\"1024\" height=\"992\" src=\"https:\/\/esm-vb.com\/wp-content\/uploads\/2025\/08\/image-11-1024x992.png\" alt=\"\" class=\"wp-image-4970\" srcset=\"https:\/\/esm-vb.com\/wp-content\/uploads\/2025\/08\/image-11-1024x992.png 1024w, https:\/\/esm-vb.com\/wp-content\/uploads\/2025\/08\/image-11-300x291.png 300w, https:\/\/esm-vb.com\/wp-content\/uploads\/2025\/08\/image-11-768x744.png 768w, https:\/\/esm-vb.com\/wp-content\/uploads\/2025\/08\/image-11.png 1148w\" sizes=\"auto, (max-width: 1024px) 100vw, 1024px\" \/><\/a><\/figure>\n","protected":false},"excerpt":{"rendered":"<p>C&rsquo;est la rentr\u00e9e!!! Reprise des entra\u00eenements en ext\u00e9rieur le 18 ao\u00fbt et en gymnase le 27 ao\u00fbt. Entra\u00eenements les mercredis \/ vendredis de 20h30 \u00e0 22h30 au gymnase Jean Moulin \u00e0 Massy. L&rsquo;\u00e9quipe Les \u00ab\u00a0SF\u00a0\u00bb n&rsquo;est pas un acronyme pour San Francisco mais bien Seniors F\u00e9minines. Elles ont jou\u00e9 dans la cours des grands (haut<\/p>\n<div class=\"read-more\"><a href=\"https:\/\/esm-vb.com\/?page_id=44\" title=\"Read More\">Read More<\/a><\/div>\n","protected":false},"author":2,"featured_media":0,"parent":33,"menu_order":0,"comment_status":"closed","ping_status":"open","template":"","meta":{"_exactmetrics_skip_tracking":false,"_exactmetrics_sitenote_active":false,"_exactmetrics_sitenote_note":"","_exactmetrics_sitenote_category":0,"footnotes":""},"class_list":["post-44","page","type-page","status-publish"],"_links":{"self":[{"href":"https:\/\/esm-vb.com\/index.php?rest_route=\/wp\/v2\/pages\/44","targetHints":{"allow":["GET"]}}],"collection":[{"href":"https:\/\/esm-vb.com\/index.php?rest_route=\/wp\/v2\/pages"}],"about":[{"href":"https:\/\/esm-vb.com\/index.php?rest_route=\/wp\/v2\/types\/page"}],"author":[{"embeddable":true,"href":"https:\/\/esm-vb.com\/index.php?rest_route=\/wp\/v2\/users\/2"}],"replies":[{"embeddable":true,"href":"https:\/\/esm-vb.com\/index.php?rest_route=%2Fwp%2Fv2%2Fcomments&post=44"}],"version-history":[{"count":31,"href":"https:\/\/esm-vb.com\/index.php?rest_route=\/wp\/v2\/pages\/44\/revisions"}],"predecessor-version":[{"id":5266,"href":"https:\/\/esm-vb.com\/index.php?rest_route=\/wp\/v2\/pages\/44\/revisions\/5266"}],"up":[{"embeddable":true,"href":"https:\/\/esm-vb.com\/index.php?rest_route=\/wp\/v2\/pages\/33"}],"wp:attachment":[{"href":"https:\/\/esm-vb.com\/index.php?rest_route=%2Fwp%2Fv2%2Fmedia&parent=44"}],"curies":[{"name":"wp","href":"https:\/\/api.w.org\/{rel}","templated":true}]}}