{"id":3244,"date":"2019-08-13T20:53:10","date_gmt":"2019-08-13T20:53:10","guid":{"rendered":"http:\/\/esm-vb.com\/?page_id=3244"},"modified":"2025-08-29T15:58:27","modified_gmt":"2025-08-29T13:58:27","slug":"les-seniors-masculins-2","status":"publish","type":"page","link":"https:\/\/esm-vb.com\/?page_id=3244","title":{"rendered":"Les Seniors Masculins 2"},"content":{"rendered":"\n<h2 class=\"wp-block-heading\"><strong><mark style=\"background-color:rgba(0, 0, 0, 0);color:#e3ac07\" class=\"has-inline-color\">ILS SONT DE RETOUR!<\/mark><\/strong><\/h2>\n\n\n\n<p>(Re)Cr\u00e9\u00e9e pour la saison 2025-2026, l\u2019\u00e9quipe SM2 est la benjamine du club<br><br>Elle rassemble \u00e0 la fois des amis de longue date et de jeunes joueurs prometteurs, tous anim\u00e9s par l\u2019envie de progresser ensemble et de faire leurs preuves sur le terrain.<br><br>Nouvelle dans la comp\u00e9tition, l\u2019\u00e9quipe s\u2019appuie d\u00e9j\u00e0 sur une belle coh\u00e9sion de groupe, port\u00e9e par une ambiance conviviale et une volont\u00e9 commune :<strong><mark style=\"background-color:rgba(0, 0, 0, 0)\" class=\"has-inline-color has-vivid-cyan-blue-color\"> jouer s\u00e9rieusement sans jamais perdre le plaisir du jeu.<\/mark><\/strong><\/p>\n\n\n\n<h2 class=\"wp-block-heading has-text-align-center\"><em>L\u2019objectif est clair : apprendre, progresser et construire une identit\u00e9 d\u2019\u00e9quipe, tout en cherchant \u00e0 bousculer la hi\u00e9rarchie du championnat d\u00e9partemental.<\/em><\/h2>\n\n\n\n<p class=\"has-text-align-center\">Une premi\u00e8re aventure collective, avec l\u2019ambition de poser les fondations d\u2019un groupe soud\u00e9 et comp\u00e9titif pour les saisons \u00e0 venir.<\/p>\n\n\n\n<p><\/p>\n","protected":false},"excerpt":{"rendered":"<p>ILS SONT DE RETOUR! (Re)Cr\u00e9\u00e9e pour la saison 2025-2026, l\u2019\u00e9quipe SM2 est la benjamine du club Elle rassemble \u00e0 la fois des amis de longue date et de jeunes joueurs prometteurs, tous anim\u00e9s par l\u2019envie de progresser ensemble et de faire leurs preuves sur le terrain. Nouvelle dans la comp\u00e9tition, l\u2019\u00e9quipe s\u2019appuie d\u00e9j\u00e0 sur une<\/p>\n<div class=\"read-more\"><a href=\"https:\/\/esm-vb.com\/?page_id=3244\" title=\"Read More\">Read More<\/a><\/div>\n","protected":false},"author":16,"featured_media":0,"parent":0,"menu_order":0,"comment_status":"closed","ping_status":"closed","template":"","meta":{"_exactmetrics_skip_tracking":false,"_exactmetrics_sitenote_active":false,"_exactmetrics_sitenote_note":"","_exactmetrics_sitenote_category":0,"footnotes":""},"class_list":["post-3244","page","type-page","status-publish"],"_links":{"self":[{"href":"https:\/\/esm-vb.com\/index.php?rest_route=\/wp\/v2\/pages\/3244","targetHints":{"allow":["GET"]}}],"collection":[{"href":"https:\/\/esm-vb.com\/index.php?rest_route=\/wp\/v2\/pages"}],"about":[{"href":"https:\/\/esm-vb.com\/index.php?rest_route=\/wp\/v2\/types\/page"}],"author":[{"embeddable":true,"href":"https:\/\/esm-vb.com\/index.php?rest_route=\/wp\/v2\/users\/16"}],"replies":[{"embeddable":true,"href":"https:\/\/esm-vb.com\/index.php?rest_route=%2Fwp%2Fv2%2Fcomments&post=3244"}],"version-history":[{"count":8,"href":"https:\/\/esm-vb.com\/index.php?rest_route=\/wp\/v2\/pages\/3244\/revisions"}],"predecessor-version":[{"id":5240,"href":"https:\/\/esm-vb.com\/index.php?rest_route=\/wp\/v2\/pages\/3244\/revisions\/5240"}],"wp:attachment":[{"href":"https:\/\/esm-vb.com\/index.php?rest_route=%2Fwp%2Fv2%2Fmedia&parent=3244"}],"curies":[{"name":"wp","href":"https:\/\/api.w.org\/{rel}","templated":true}]}}