{"id":3200,"date":"2017-07-15T08:43:42","date_gmt":"2017-07-15T08:43:42","guid":{"rendered":"http:\/\/esm-vb.com\/?page_id=3200"},"modified":"2024-09-10T13:56:12","modified_gmt":"2024-09-10T13:56:12","slug":"contact","status":"publish","type":"page","link":"https:\/\/esm-vb.com\/?page_id=3200","title":{"rendered":"Contact"},"content":{"rendered":"\n<p style=\"text-align:center\">Vous avez des questions \u00e0 nous poser ? Vous voulez en savoir plus sur certains points ? <br><br>N&rsquo;h\u00e9sitez pas et contactez-nous par mail <br><br> <em><strong>esmassy.volley@gmail.com<\/strong><\/em> <br><br>Nous nous ferons un plaisir de vous r\u00e9pondre !<br> <\/p>\n\n\n\n<p>Vous aimeriez nous rencontrer pour discuter de vive voix ?<br>Diverses occasions s&rsquo;offrent \u00e0 vous :<\/p>\n\n\n\n<ul class=\"wp-block-list\"><li>lors d&rsquo;une s\u00e9ance d&rsquo;entra\u00eenement, voir la page d\u00e9di\u00e9e aux cr\u00e9neaux,<\/li><li>lors de la <a href=\"https:\/\/www.ville-massy.fr\/participer\/vie-associative\/\">f\u00eate des associations <\/a>de la ville de Massy en septembre.<\/li><\/ul>\n","protected":false},"excerpt":{"rendered":"<p>Vous avez des questions \u00e0 nous poser ? Vous voulez en savoir plus sur certains points ? N&rsquo;h\u00e9sitez pas et contactez-nous par mail esmassy.volley@gmail.com Nous nous ferons un plaisir de vous r\u00e9pondre ! Vous aimeriez nous rencontrer pour discuter de vive voix ?Diverses occasions s&rsquo;offrent \u00e0 vous : lors d&rsquo;une s\u00e9ance d&rsquo;entra\u00eenement, voir la page<\/p>\n<div class=\"read-more\"><a href=\"https:\/\/esm-vb.com\/?page_id=3200\" title=\"Read More\">Read More<\/a><\/div>\n","protected":false},"author":6,"featured_media":3202,"parent":0,"menu_order":0,"comment_status":"closed","ping_status":"closed","template":"","meta":{"_exactmetrics_skip_tracking":false,"_exactmetrics_sitenote_active":false,"_exactmetrics_sitenote_note":"","_exactmetrics_sitenote_category":0,"footnotes":""},"class_list":["post-3200","page","type-page","status-publish","has-post-thumbnail"],"_links":{"self":[{"href":"https:\/\/esm-vb.com\/index.php?rest_route=\/wp\/v2\/pages\/3200","targetHints":{"allow":["GET"]}}],"collection":[{"href":"https:\/\/esm-vb.com\/index.php?rest_route=\/wp\/v2\/pages"}],"about":[{"href":"https:\/\/esm-vb.com\/index.php?rest_route=\/wp\/v2\/types\/page"}],"author":[{"embeddable":true,"href":"https:\/\/esm-vb.com\/index.php?rest_route=\/wp\/v2\/users\/6"}],"replies":[{"embeddable":true,"href":"https:\/\/esm-vb.com\/index.php?rest_route=%2Fwp%2Fv2%2Fcomments&post=3200"}],"version-history":[{"count":10,"href":"https:\/\/esm-vb.com\/index.php?rest_route=\/wp\/v2\/pages\/3200\/revisions"}],"predecessor-version":[{"id":4780,"href":"https:\/\/esm-vb.com\/index.php?rest_route=\/wp\/v2\/pages\/3200\/revisions\/4780"}],"wp:featuredmedia":[{"embeddable":true,"href":"https:\/\/esm-vb.com\/index.php?rest_route=\/wp\/v2\/media\/3202"}],"wp:attachment":[{"href":"https:\/\/esm-vb.com\/index.php?rest_route=%2Fwp%2Fv2%2Fmedia&parent=3200"}],"curies":[{"name":"wp","href":"https:\/\/api.w.org\/{rel}","templated":true}]}}