{"id":28,"date":"2023-06-10T11:00:30","date_gmt":"2023-06-10T11:00:30","guid":{"rendered":"http:\/\/esm-volley.fr\/wordpress\/?page_id=28"},"modified":"2025-08-13T14:41:04","modified_gmt":"2025-08-13T12:41:04","slug":"jouer-a-massy-2","status":"publish","type":"page","link":"https:\/\/esm-vb.com\/?page_id=28","title":{"rendered":"Jouer \u00e0 Massy"},"content":{"rendered":"<p>Vous souhaitez nous rejoindre ? Nous vous accueillerons avec plaisir &#x1f600;<\/p>\n<p>Vous trouverez ci-dessous, les tarifs et les documents n\u00e9cessaires \u00e0 votre inscription.<\/p>\n<p>Vous h\u00e9sitez ou vous avez des questions : <span style=\"color: #ff0000;\"><a style=\"color: #ff0000;\" href=\"http:\/\/esm-vb.com\/?page_id=3200\">contactez nous<\/a><\/span><\/p>\n<p>Pour rappel, les cr\u00e9neaux sont d\u00e9finis <span style=\"color: #ff0000;\"><a style=\"color: #ff0000;\" href=\"http:\/\/esm-vb.com\/?p=4579\">ici<\/a><\/span>.<\/p>\n\n\n<hr class=\"wp-block-separator has-css-opacity\"\/>\n\n\n\n<p class=\"has-text-color\" style=\"color:#1220e8;font-size:33px\"><mark style=\"background-color:rgba(0, 0, 0, 0)\" class=\"has-inline-color has-vivid-green-cyan-color\"><strong>Tarifs 2025-2026<\/strong> &#8211; <strong>Adultes<\/strong> <\/mark><\/p>\n\n\n\n<p>Les tarifs d\u00e9pendent de la section choisie et de votre lieu de r\u00e9sidence comme indiqu\u00e9 dans le tableau ci-dessous.<\/p>\n\n\n\n<figure class=\"wp-block-image size-large\"><a href=\"https:\/\/esm-vb.com\/wp-content\/uploads\/2025\/08\/image-12.png\"><img loading=\"lazy\" decoding=\"async\" width=\"1024\" height=\"386\" src=\"https:\/\/esm-vb.com\/wp-content\/uploads\/2025\/08\/image-12-1024x386.png\" alt=\"\" class=\"wp-image-4972\" srcset=\"https:\/\/esm-vb.com\/wp-content\/uploads\/2025\/08\/image-12-1024x386.png 1024w, https:\/\/esm-vb.com\/wp-content\/uploads\/2025\/08\/image-12-300x113.png 300w, https:\/\/esm-vb.com\/wp-content\/uploads\/2025\/08\/image-12-768x290.png 768w, https:\/\/esm-vb.com\/wp-content\/uploads\/2025\/08\/image-12-1536x579.png 1536w, https:\/\/esm-vb.com\/wp-content\/uploads\/2025\/08\/image-12.png 1737w\" sizes=\"auto, (max-width: 1024px) 100vw, 1024px\" \/><\/a><\/figure>\n\n\n\n<h2 class=\"wp-block-heading\"><mark style=\"background-color:rgba(0, 0, 0, 0)\" class=\"has-inline-color has-vivid-green-cyan-color\"><strong>Tarifs 2025-2026<\/strong> &#8211; <strong>Enfants<\/strong> <\/mark><\/h2>\n\n\n\n<figure class=\"wp-block-image size-large\"><a href=\"https:\/\/esm-vb.com\/wp-content\/uploads\/2025\/08\/image-13.png\"><img loading=\"lazy\" decoding=\"async\" width=\"1024\" height=\"376\" src=\"https:\/\/esm-vb.com\/wp-content\/uploads\/2025\/08\/image-13-1024x376.png\" alt=\"\" class=\"wp-image-4974\" srcset=\"https:\/\/esm-vb.com\/wp-content\/uploads\/2025\/08\/image-13-1024x376.png 1024w, https:\/\/esm-vb.com\/wp-content\/uploads\/2025\/08\/image-13-300x110.png 300w, https:\/\/esm-vb.com\/wp-content\/uploads\/2025\/08\/image-13-768x282.png 768w, https:\/\/esm-vb.com\/wp-content\/uploads\/2025\/08\/image-13-1536x563.png 1536w, https:\/\/esm-vb.com\/wp-content\/uploads\/2025\/08\/image-13.png 1737w\" sizes=\"auto, (max-width: 1024px) 100vw, 1024px\" \/><\/a><\/figure>\n\n\n\n<i>* le forfait famille ne s&rsquo;applique que pour la section M9 et M11. Il permet aux parents de pratiquer avec leurs enfants pendant les s\u00e9ances\n\n\n\n<hr class=\"wp-block-separator has-css-opacity\"\/>\n\n\n\n<p class=\"has-text-color\" style=\"color:#1220e8;font-size:33px\"><strong>Assurance<\/strong><\/p>\n\n\n\n<p>Notre club est affili\u00e9 \u00e0 la <a href=\"http:\/\/www.ffvb.org\/front\/index.php?lvlid=1\"><em>F\u00e9d\u00e9ration Fran\u00e7aise de Volley-Ball<\/em><\/a> (Sections S\u00e9niors Comp\u00e9tition et Ecole de Volley) ou \u00e0 l&rsquo;<a href=\"http:\/\/ctd.ufolep91-volley.org\/\"><em>UFOLEP<\/em><\/a> (Section Loisirs Comp\u00e9tition 4&#215;4).<br>Toute inscription \u00e0 une section de comp\u00e9tition ou \u00e0 l&rsquo;Ecole de Volley comprend une licence. Ainsi, <strong>tous les adh\u00e9rents du club sont donc assur\u00e9s par le biais de l&rsquo;assurance de leur licence, en compl\u00e9ment de leur assurance personnelle<\/strong>.<br>Pour plus d&rsquo;information sur la couverture de cette assurance nous vous invitons \u00e0 consulter le site de la f\u00e9d\u00e9ration.<\/p>\n\n\n\n<p>Les adh\u00e9rents de la section Loisir sont couverts par une assurance ind\u00e9pendante.<\/p>\n\n\n\n<hr class=\"wp-block-separator has-css-opacity\"\/>\n\n\n\n<p class=\"has-text-color\" style=\"color:#1220e8;font-size:33px\"><strong>Dossier d&rsquo;inscription<\/strong><\/p>\n\n\n\n<p class=\"has-background\" style=\"background-color:#d5eaf6\"><strong>(1)<\/strong> A partir de la <strong>reprise des entrainements, ne seront accept\u00e9s que les dossiers COMPLETS, au plus tard \u00e0 la 2\u00e8me s\u00e9ance avant de se voir refuser l\u2019acc\u00e8s au gymnase<\/strong>. Si impossibilit\u00e9 de fournir un dossier complet pour diverses raisons, merci de vous rapprocher des responsables de section et\/ou du Bureau.<\/p>\n\n\n\n<p class=\"has-background\" style=\"background-color:#d5eaf6\"><strong>(2)<\/strong> Cette ann\u00e9e, la nouveaut\u00e9 r\u00e9side dans le nouveau processus de prise de licences. Tous les <strong>documents d\u2019inscription sont g\u00e9n\u00e9r\u00e9s directement sous format num\u00e9rique<\/strong> sur le site MyFFvolley. Toutes les instructions pour votre prise de licences se trouvent ici : <a href=\"https:\/\/esm-vb.com\/?p=4857\" data-type=\"post\" data-id=\"4857\">Modalit\u00e9s d\u2019inscription 2025-2026 \/ MyFFvolley \/ Adultes \u2013 Ecole de volley<\/a><\/p>\n\n\n\n<p class=\"has-background\" style=\"background-color:#d5eaf6\"><br>Pour la section Loisirs, merci de remplir le formulaire \u00e0 l&rsquo;adresse suivante : <a href=\"https:\/\/forms.gle\/4AcyFasy68a4AnXNA\">https:\/\/forms.gle\/4AcyFasy68a4AnXNA <\/a><\/p>\n\n\n\n<p class=\"has-background\" style=\"background-color:#d5eaf6\"><strong>(3)<\/strong> Tous les <strong>r\u00e8glements<\/strong> seront \u00e0 transmettre <strong>avec les dossiers d&rsquo;inscription<\/strong>. Pour les virements, merci de vous rapprocher des responsables de section et\/ou du Bureau.<\/p>\n\n\n\n<p class=\"has-background\" style=\"background-color:#d5eaf6\"><strong>(4)<\/strong> <strong>V\u00e9rifier que votre certificat m\u00e9dical soit bien \u00e0 jour<\/strong> : certificat m\u00e9dical datant de moins de 3 ans valable <br>certificat obligatoire pour l&rsquo;\u00e9cole de volley<\/p>\n\n\n\n<p class=\"has-background\" style=\"background-color:#f2d5dc\">\u26a0\ufe0f <strong>Pour les encadrants<\/strong> (dirigeants, entraineurs, arbitres, marqueurs), n&rsquo;oubliez pas de remplir, signer et de nous retourner l&rsquo;<strong>Attestation d&rsquo;honorabilit\u00e9 FFVB<\/strong> [<em><a href=\"http:\/\/esm-vb.com\/wp-content\/uploads\/2024\/06\/FFvolley_Fiche_Pratique_Controle_Honorabilite.pdf\">T\u00e9l\u00e9charger Attestation d&rsquo;honorabilit\u00e9<\/a><\/em>] pour que votre dossier d&rsquo;inscription soit COMPLET, en plus des autres documents obligatoires pour l&rsquo;inscription.<\/p>\n\n\n\n<p class=\"has-text-color\" style=\"color:#f4080f\"><strong>Date limite rendu dossier COMPLET :<\/strong><\/p>\n\n\n\n<ul class=\"wp-block-list\">\n<li><strong>Sections S\u00e9niors Comp\u00e9tition (SF1, SM1, SF2) <\/strong>  \u27a1\ufe0f  Vendredi 20 septembre 2024<\/li>\n\n\n\n<li> <strong>Sections S\u00e9niors Comp\u00e9tition (UFOLEP) <\/strong>  \u27a1\ufe0f  Vendredi 27 septembre 2024 <\/li>\n\n\n\n<li><strong>Sections Jeunes\/Ecole de Volley<\/strong>  \u27a1\ufe0f  Lundi 7 octobre 2024<\/li>\n\n\n\n<li><strong>Section Loisirs<\/strong> \u27a1\ufe0f  Vendredi 25 octobre 2024<\/li>\n<\/ul>\n\n\n\n<hr class=\"wp-block-separator has-css-opacity\"\/>\n\n\n\n<figure class=\"wp-block-image\"><img loading=\"lazy\" decoding=\"async\" width=\"1024\" height=\"377\" src=\"https:\/\/esm-vb.com\/wp-content\/uploads\/2024\/09\/dossier_inscription-1024x377.png\" alt=\"\" class=\"wp-image-4776\" srcset=\"https:\/\/esm-vb.com\/wp-content\/uploads\/2024\/09\/dossier_inscription-1024x377.png 1024w, https:\/\/esm-vb.com\/wp-content\/uploads\/2024\/09\/dossier_inscription-300x110.png 300w, https:\/\/esm-vb.com\/wp-content\/uploads\/2024\/09\/dossier_inscription-768x283.png 768w, https:\/\/esm-vb.com\/wp-content\/uploads\/2024\/09\/dossier_inscription.png 1334w\" sizes=\"auto, (max-width: 1024px) 100vw, 1024px\" \/><\/figure>\n\n\n\n<p class=\"has-text-color\" style=\"color:#e61526\"><strong>Documents \u00e0 t\u00e9l\u00e9charger, remplir et signer<\/strong> <strong>: <\/strong><\/p>\n\n\n\n<p class=\"has-text-color\" style=\"color:#ed0dc4\"><em>Veillez \u00e0 bien cocher toutes les cases des documents et \u00e0 bien signer les documents n\u00e9cessaires \u00e0 votre inscription. Merci pour votre vigilance !<\/em><\/p>\n\n\n\n<p><strong>Formulaires d&rsquo;inscription 2024 &#8211; 2025 :<\/strong><br>     &#8211; formulaire Adulte (toutes sections sauf loisir) : <em>[<a href=\"http:\/\/esm-vb.com\/wp-content\/uploads\/2024\/06\/Formulaire-inscription-ADULTE-saison-2024-2025.pdf\">T\u00e9l\u00e9charger formulaire ADULTE<\/a>]<\/em><br>     &#8211; formulaire Enfant : <em>[<a href=\"http:\/\/esm-vb.com\/wp-content\/uploads\/2024\/06\/Formulaire-inscription-ENFANT-saison-2024-2025.pdf\">T\u00e9l\u00e9charger formulaire ENFANT<\/a>]<\/em><br>     &#8211; formulaire Adulte Loisirs : <em>[<a href=\"https:\/\/forms.gle\/4AcyFasy68a4AnXNA\">Remplir le formulaire Loisir Adulte<\/a>]<\/em> <\/p>\n\n\n\n<p><strong>Formulaires de demande de licence 2024 &#8211; 2025 : <\/strong><br>     &#8211; formulaire FFVB : <em>[<a href=\"http:\/\/esm-vb.com\/wp-content\/uploads\/2024\/06\/Formulaire_demande_licences_2024_2025.pdf\">T\u00e9l\u00e9charger le formulaire de licence FFVB<\/a>]<\/em><br>     &#8211; formulaire UFOLEP :  <em>[T\u00e9l\u00e9charger le formulaire de licence UFOLEP]<\/em> (\u00e0 venir)<br><br><strong>Certificats M\u00e9dicaux 2024 &#8211; 2025 :<\/strong><br>     &#8211; Certificat m\u00e9dical FFVB * : <em> [<a href=\"http:\/\/esm-vb.com\/wp-content\/uploads\/2024\/06\/FFvolley_CERTIFICAT_MEDICAL_Adulte-et-Enfant.pdf\">T\u00e9l\u00e9charger le CM FFVB<\/a>]  <\/em><br>     &#8211; Certificat m\u00e9dical FFVB  entra\u00eeneurs, arbitres et marqueurs :         <em> [<a href=\"http:\/\/esm-vb.com\/wp-content\/uploads\/2024\/06\/FFvolley_CERTIFICAT_MEDICAL_Adulte-et-Enfant.pdf\">T\u00e9l\u00e9charger le CM Encadrement<\/a>]  <\/em><br>     Certificat m\u00e9dical UFOLEP :  <em>[T\u00e9l\u00e9charger le CM UFOLEP] <\/em>  (\u00e0 venir) <br><br>* pour les joueurs de l&rsquo;\u00e9cole de volley, le simple surclassement est obligatoire. Pensez bien \u00e0 faire remplir l&rsquo;encart pr\u00e9sent sur le CM FFVB<br><\/p>\n\n\n\n<p>\u2022 Le r\u00e8glement de la cotisation :<\/p>\n\n\n\n<p><strong>Ch\u00e8que du montant correspondant \u00e0 la section choisie <\/strong>(\u00e0 l&rsquo;ordre de l&rsquo;ESM Volley-Ball) ; <strong>Ch\u00e8ques vacances<\/strong> (se rapprocher d&rsquo;un membre du Bureau) ; <strong>Coupons Sport<\/strong> (se rapprocher d&rsquo;un membre du Bureau) ; <strong>Virement bancaire<\/strong> (se rapprocher d&rsquo;un membre du Bureau) ; <strong>Esp\u00e8ces <\/strong>(se rapprocher d&rsquo;un membre du Bureau) <\/p>\n\n\n\n<p>\u2022 Les <strong>ch\u00e8ques de caution de maillot et de caution de mutation<\/strong> pour les <strong>sections SENIORS COMPETITION uniquement<\/strong> ;<\/p>\n\n\n\n<p>\u2022 Une <strong>photocopie de la Carte Nationale d&rsquo;Identit\u00e9 ou du Passeport ou de la Carte de S\u00e9jour en cours de validit\u00e9<\/strong>&nbsp;;<\/p>\n\n\n\n<p>\u2022 Une <strong>photo d&rsquo;identit\u00e9 pour la licence<\/strong>.<\/p>\n\n\n\n<p>Une documentation d&rsquo;aide au remplissage de la demande de licence FFVB est disponible [<a href=\"wp-content\/documents\/20152016\/inscription\/Aide_remplissage__licence_ESM.pdf\"><em>T\u00e9l\u00e9charger<\/em><\/a>].<\/p>\n\n\n<p><!--EndFragment--><\/p>\n<\/p>","protected":false},"excerpt":{"rendered":"<p>Vous souhaitez nous rejoindre ? Nous vous accueillerons avec plaisir &#x1f600; Vous trouverez ci-dessous, les tarifs et les documents n\u00e9cessaires \u00e0 votre inscription. Vous h\u00e9sitez ou vous avez des questions : contactez nous Pour rappel, les cr\u00e9neaux sont d\u00e9finis ici. Tarifs 2025-2026 &#8211; Adultes Les tarifs d\u00e9pendent de la section choisie et de votre lieu<\/p>\n<div class=\"read-more\"><a href=\"https:\/\/esm-vb.com\/?page_id=28\" title=\"Read More\">Read More<\/a><\/div>\n","protected":false},"author":1,"featured_media":0,"parent":9,"menu_order":0,"comment_status":"closed","ping_status":"open","template":"page-blocks.php","meta":{"_exactmetrics_skip_tracking":false,"_exactmetrics_sitenote_active":false,"_exactmetrics_sitenote_note":"","_exactmetrics_sitenote_category":0,"footnotes":""},"class_list":["post-28","page","type-page","status-publish"],"_links":{"self":[{"href":"https:\/\/esm-vb.com\/index.php?rest_route=\/wp\/v2\/pages\/28","targetHints":{"allow":["GET"]}}],"collection":[{"href":"https:\/\/esm-vb.com\/index.php?rest_route=\/wp\/v2\/pages"}],"about":[{"href":"https:\/\/esm-vb.com\/index.php?rest_route=\/wp\/v2\/types\/page"}],"author":[{"embeddable":true,"href":"https:\/\/esm-vb.com\/index.php?rest_route=\/wp\/v2\/users\/1"}],"replies":[{"embeddable":true,"href":"https:\/\/esm-vb.com\/index.php?rest_route=%2Fwp%2Fv2%2Fcomments&post=28"}],"version-history":[{"count":145,"href":"https:\/\/esm-vb.com\/index.php?rest_route=\/wp\/v2\/pages\/28\/revisions"}],"predecessor-version":[{"id":4975,"href":"https:\/\/esm-vb.com\/index.php?rest_route=\/wp\/v2\/pages\/28\/revisions\/4975"}],"up":[{"embeddable":true,"href":"https:\/\/esm-vb.com\/index.php?rest_route=\/wp\/v2\/pages\/9"}],"wp:attachment":[{"href":"https:\/\/esm-vb.com\/index.php?rest_route=%2Fwp%2Fv2%2Fmedia&parent=28"}],"curies":[{"name":"wp","href":"https:\/\/api.w.org\/{rel}","templated":true}]}}