{"id":194,"date":"2015-05-21T02:02:30","date_gmt":"2015-05-21T02:02:30","guid":{"rendered":"http:\/\/esm-volley.fr\/wordpress\/?page_id=194"},"modified":"2018-11-26T13:27:03","modified_gmt":"2018-11-26T13:27:03","slug":"senior-4x4-masculin","status":"publish","type":"page","link":"https:\/\/esm-vb.com\/?page_id=194","title":{"rendered":"Senior 4&#215;4 Masculin"},"content":{"rendered":"<p>Ces \u00e9quipes sont engag\u00e9es dans une formule\u00a0en deux phases avec un match toutes les semaines (hors vacances scolaires). Lors de cette premi\u00e8re phase, les \u00e9quipes rencontrent d&rsquo;autres \u00e9quipes du d\u00e9partement\u00a0en matchs aller\/retour pour d\u00e9terminer les poules de la deuxi\u00e8me phase. Cette\u00a0deuxi\u00e8me phase se d\u00e9roule avec seulement un match aller et un classement par poule.<\/p>\n<p><img decoding=\"async\" class=\"img-responsive\" src=\"wp-content\/uploads\/photo-gallery\/2014-2015\/CompetLib\/UFOLEP_massy1.jpg\" alt=\" MASSY 1 4X4 UFOLEP \" \/><\/p>\n<h2>Calendrier des matches<\/h2>\n<p><iframe loading=\"lazy\" style=\"border-width: 0px; display: block; margin-left: auto; margin-right: auto;\" src=\"https:\/\/www.google.com\/calendar\/embed?title=Match%20Compet-lib&amp;showTitle=0&amp;showNav=0&amp;showPrint=0&amp;showTz=0&amp;mode=AGENDA&amp;height=600&amp;wkst=2&amp;bgcolor=%23FFFFFF&amp;src=esmassy.volley%40gmail.com&amp;color=%23A32929&amp;src=mls7b8li64l2rjqef3p6ld1g40%40group.calendar.google.com&amp;color=%231B887A&amp;ctz=Europe%2FParis\" width=\"100%\" height=\"600\" frameborder=\"0\" scrolling=\"no\"><\/iframe><\/p>\n","protected":false},"excerpt":{"rendered":"<p>Ces \u00e9quipes sont engag\u00e9es dans une formule\u00a0en deux phases avec un match toutes les semaines (hors vacances scolaires). Lors de cette premi\u00e8re phase, les \u00e9quipes rencontrent d&rsquo;autres \u00e9quipes du d\u00e9partement\u00a0en matchs aller\/retour pour d\u00e9terminer les poules de la deuxi\u00e8me phase. Cette\u00a0deuxi\u00e8me phase se d\u00e9roule avec seulement un match aller et un classement par poule. Calendrier<\/p>\n<div class=\"read-more\"><a href=\"https:\/\/esm-vb.com\/?page_id=194\" title=\"Read More\">Read More<\/a><\/div>\n","protected":false},"author":1,"featured_media":2147,"parent":181,"menu_order":0,"comment_status":"closed","ping_status":"open","template":"","meta":{"_exactmetrics_skip_tracking":false,"_exactmetrics_sitenote_active":false,"_exactmetrics_sitenote_note":"","_exactmetrics_sitenote_category":0,"footnotes":""},"class_list":["post-194","page","type-page","status-publish","has-post-thumbnail"],"_links":{"self":[{"href":"https:\/\/esm-vb.com\/index.php?rest_route=\/wp\/v2\/pages\/194","targetHints":{"allow":["GET"]}}],"collection":[{"href":"https:\/\/esm-vb.com\/index.php?rest_route=\/wp\/v2\/pages"}],"about":[{"href":"https:\/\/esm-vb.com\/index.php?rest_route=\/wp\/v2\/types\/page"}],"author":[{"embeddable":true,"href":"https:\/\/esm-vb.com\/index.php?rest_route=\/wp\/v2\/users\/1"}],"replies":[{"embeddable":true,"href":"https:\/\/esm-vb.com\/index.php?rest_route=%2Fwp%2Fv2%2Fcomments&post=194"}],"version-history":[{"count":13,"href":"https:\/\/esm-vb.com\/index.php?rest_route=\/wp\/v2\/pages\/194\/revisions"}],"predecessor-version":[{"id":2858,"href":"https:\/\/esm-vb.com\/index.php?rest_route=\/wp\/v2\/pages\/194\/revisions\/2858"}],"up":[{"embeddable":true,"href":"https:\/\/esm-vb.com\/index.php?rest_route=\/wp\/v2\/pages\/181"}],"wp:featuredmedia":[{"embeddable":true,"href":"https:\/\/esm-vb.com\/index.php?rest_route=\/wp\/v2\/media\/2147"}],"wp:attachment":[{"href":"https:\/\/esm-vb.com\/index.php?rest_route=%2Fwp%2Fv2%2Fmedia&parent=194"}],"curies":[{"name":"wp","href":"https:\/\/api.w.org\/{rel}","templated":true}]}}