{"id":181,"date":"2014-09-21T01:48:20","date_gmt":"2014-09-21T01:48:20","guid":{"rendered":"http:\/\/esm-volley.fr\/wordpress\/?page_id=181"},"modified":"2025-08-29T16:01:07","modified_gmt":"2025-08-29T14:01:07","slug":"les-loisirs-compet","status":"publish","type":"page","link":"https:\/\/esm-vb.com\/?page_id=181","title":{"rendered":"UFOLEP &#8211; Comp\u00e9tition 4&#215;4"},"content":{"rendered":"\n<p class=\"p1\"><b>Comp\u00e9tition-Loisir : jouer, progresser et s\u2019\u00e9clater !<\/b><\/p>\n\n\n\n<p class=\"has-text-align-left p1\"><em>Envie de retrouver l\u2019adr\u00e9naline de la comp\u00e9tition tout en gardant l\u2019esprit fun et convivial du loisir ? <\/em><br>La section Comp\u00e9tition-Loisir est faite pour \u00e7a ! On y vient pour se challenger, progresser ensemble et surtout passer de bons moments sur et en dehors du terrain.<\/p>\n\n\n\n<p class=\"p1\">Depuis l\u2019ann\u00e9e derni\u00e8re, notre club aligne 2 \u00e9quipes masculines et 1 \u00e9quipe mixte en championnat <strong><mark style=\"background-color:rgba(0, 0, 0, 0)\" class=\"has-inline-color has-vivid-cyan-blue-color\">UFOLEP<\/mark><\/strong> <strong><mark style=\"background-color:rgba(0, 0, 0, 0)\" class=\"has-inline-color has-vivid-cyan-blue-color\">4&#215;4<\/mark><\/strong>. Et quelle saison !<\/p>\n\n\n<div class=\"wp-block-image\">\n<figure class=\"aligncenter is-resized\"><img decoding=\"async\" src=\"http:\/\/www.cd.ufolep.org\/somme\/somme_d\/data_1\/jpg\/uf\/ufoleplogocmjnpetit.jpg\" alt=\"R\u00e9sultat de recherche d'images pour &quot;logo ufolep&quot;\" style=\"width:471px;height:auto\"\/><\/figure><\/div>\n\n\n<p><\/p>\n\n\n\n<p class=\"has-text-align-center p1\"><strong>Chaque \u00e9quipe a termin\u00e9 dans le top 3 de son championnat. Et toutes ont atteint les demi-finales du crit\u00e9rium.<\/strong><\/p>\n\n\n\n<p class=\"p1\">Un bilan plus que positif qui nous donne une grosse motivation pour continuer sur cette lanc\u00e9e cette ann\u00e9e !<\/p>\n\n\n\n<p class=\"p1\"><b><i><mark style=\"background-color:rgba(0, 0, 0, 0);color:#f41e1e\" class=\"has-inline-color\">L\u2019UFOLEP, c\u2019est quoi ?<\/mark><\/i><\/b><\/p>\n\n\n\n<p class=\"p1\">L\u2019UFOLEP est une f\u00e9d\u00e9ration multisports qui a pour mission de f\u00e9d\u00e9rer les clubs, organiser des comp\u00e9titions (d\u00e9partementales, r\u00e9gionales et nationales) et surtout de mettre en avant des valeurs qui nous tiennent \u00e0 c\u0153ur : plaisir, convivialit\u00e9, engagement et performance.<\/p>\n\n\n\n<p class=\"p1\"><b><i><mark style=\"background-color:rgba(0, 0, 0, 0);color:#64d7e9\" class=\"has-inline-color\">Et c\u00f4t\u00e9 pratique ?<\/mark><\/i><\/b><\/p>\n\n\n\n<p class=\"p1\">Le format UFOLEP 4&#215;4 est parfait : les matchs se jouent en semaine, sur nos cr\u00e9neaux d\u2019entra\u00eenement ou chez les clubs adverses.<br><em><strong><mark style=\"background-color:rgba(0, 0, 0, 0)\" class=\"has-inline-color has-luminous-vivid-amber-color\">R\u00e9sultat : on profite pleinement de l\u2019intensit\u00e9 d\u2019une saison comp\u00e9titive sans bloquer ses week-ends. De quoi concilier volley, travail, famille\u2026 et ap\u00e9ros d\u2019apr\u00e8s-match<\/mark><\/strong><\/em> <\/p>\n\n\n\n<figure class=\"wp-block-gallery has-nested-images columns-default is-cropped wp-block-gallery-1 is-layout-flex wp-block-gallery-is-layout-flex\">\n<figure class=\"wp-block-image size-large\"><a href=\"https:\/\/esm-vb.com\/wp-content\/uploads\/2025\/08\/WhatsApp-Image-2025-08-29-at-14.29.50.jpeg\"><img loading=\"lazy\" decoding=\"async\" width=\"986\" height=\"1024\" data-id=\"5231\" src=\"https:\/\/esm-vb.com\/wp-content\/uploads\/2025\/08\/WhatsApp-Image-2025-08-29-at-14.29.50-986x1024.jpeg\" alt=\"\" class=\"wp-image-5231\" srcset=\"https:\/\/esm-vb.com\/wp-content\/uploads\/2025\/08\/WhatsApp-Image-2025-08-29-at-14.29.50-986x1024.jpeg 986w, https:\/\/esm-vb.com\/wp-content\/uploads\/2025\/08\/WhatsApp-Image-2025-08-29-at-14.29.50-289x300.jpeg 289w, https:\/\/esm-vb.com\/wp-content\/uploads\/2025\/08\/WhatsApp-Image-2025-08-29-at-14.29.50-768x798.jpeg 768w, https:\/\/esm-vb.com\/wp-content\/uploads\/2025\/08\/WhatsApp-Image-2025-08-29-at-14.29.50-1479x1536.jpeg 1479w, https:\/\/esm-vb.com\/wp-content\/uploads\/2025\/08\/WhatsApp-Image-2025-08-29-at-14.29.50.jpeg 1972w\" sizes=\"auto, (max-width: 986px) 100vw, 986px\" \/><\/a><\/figure>\n\n\n\n<figure class=\"wp-block-image size-large\"><a href=\"https:\/\/esm-vb.com\/wp-content\/uploads\/2025\/08\/WhatsApp-Image-2025-08-29-at-14.29.51-3.jpeg\"><img loading=\"lazy\" decoding=\"async\" width=\"768\" height=\"1024\" data-id=\"5232\" src=\"https:\/\/esm-vb.com\/wp-content\/uploads\/2025\/08\/WhatsApp-Image-2025-08-29-at-14.29.51-3-768x1024.jpeg\" alt=\"\" class=\"wp-image-5232\" srcset=\"https:\/\/esm-vb.com\/wp-content\/uploads\/2025\/08\/WhatsApp-Image-2025-08-29-at-14.29.51-3-768x1024.jpeg 768w, https:\/\/esm-vb.com\/wp-content\/uploads\/2025\/08\/WhatsApp-Image-2025-08-29-at-14.29.51-3-225x300.jpeg 225w, https:\/\/esm-vb.com\/wp-content\/uploads\/2025\/08\/WhatsApp-Image-2025-08-29-at-14.29.51-3-1152x1536.jpeg 1152w, https:\/\/esm-vb.com\/wp-content\/uploads\/2025\/08\/WhatsApp-Image-2025-08-29-at-14.29.51-3.jpeg 1200w\" sizes=\"auto, (max-width: 768px) 100vw, 768px\" \/><\/a><\/figure>\n\n\n\n<figure class=\"wp-block-image size-large\"><a href=\"https:\/\/esm-vb.com\/wp-content\/uploads\/2025\/08\/WhatsApp-Image-2025-08-29-at-14.29.51-2.jpeg\"><img loading=\"lazy\" decoding=\"async\" width=\"1024\" height=\"768\" data-id=\"5235\" src=\"https:\/\/esm-vb.com\/wp-content\/uploads\/2025\/08\/WhatsApp-Image-2025-08-29-at-14.29.51-2-1024x768.jpeg\" alt=\"\" class=\"wp-image-5235\" srcset=\"https:\/\/esm-vb.com\/wp-content\/uploads\/2025\/08\/WhatsApp-Image-2025-08-29-at-14.29.51-2-1024x768.jpeg 1024w, https:\/\/esm-vb.com\/wp-content\/uploads\/2025\/08\/WhatsApp-Image-2025-08-29-at-14.29.51-2-300x225.jpeg 300w, https:\/\/esm-vb.com\/wp-content\/uploads\/2025\/08\/WhatsApp-Image-2025-08-29-at-14.29.51-2-768x576.jpeg 768w, https:\/\/esm-vb.com\/wp-content\/uploads\/2025\/08\/WhatsApp-Image-2025-08-29-at-14.29.51-2-1536x1152.jpeg 1536w, https:\/\/esm-vb.com\/wp-content\/uploads\/2025\/08\/WhatsApp-Image-2025-08-29-at-14.29.51-2.jpeg 2000w\" sizes=\"auto, (max-width: 1024px) 100vw, 1024px\" \/><\/a><\/figure>\n\n\n\n<figure class=\"wp-block-image size-large\"><a href=\"https:\/\/esm-vb.com\/wp-content\/uploads\/2025\/08\/WhatsApp-Image-2025-08-29-at-14.29.51-1.jpeg\"><img loading=\"lazy\" decoding=\"async\" width=\"1024\" height=\"768\" data-id=\"5234\" src=\"https:\/\/esm-vb.com\/wp-content\/uploads\/2025\/08\/WhatsApp-Image-2025-08-29-at-14.29.51-1-1024x768.jpeg\" alt=\"\" class=\"wp-image-5234\" srcset=\"https:\/\/esm-vb.com\/wp-content\/uploads\/2025\/08\/WhatsApp-Image-2025-08-29-at-14.29.51-1-1024x768.jpeg 1024w, https:\/\/esm-vb.com\/wp-content\/uploads\/2025\/08\/WhatsApp-Image-2025-08-29-at-14.29.51-1-300x225.jpeg 300w, https:\/\/esm-vb.com\/wp-content\/uploads\/2025\/08\/WhatsApp-Image-2025-08-29-at-14.29.51-1-768x576.jpeg 768w, https:\/\/esm-vb.com\/wp-content\/uploads\/2025\/08\/WhatsApp-Image-2025-08-29-at-14.29.51-1-1536x1152.jpeg 1536w, https:\/\/esm-vb.com\/wp-content\/uploads\/2025\/08\/WhatsApp-Image-2025-08-29-at-14.29.51-1.jpeg 2000w\" sizes=\"auto, (max-width: 1024px) 100vw, 1024px\" \/><\/a><\/figure>\n\n\n\n<figure class=\"wp-block-image size-large\"><a href=\"https:\/\/esm-vb.com\/wp-content\/uploads\/2025\/08\/WhatsApp-Image-2025-08-29-at-14.29.51.jpeg\"><img loading=\"lazy\" decoding=\"async\" width=\"1024\" height=\"768\" data-id=\"5233\" src=\"https:\/\/esm-vb.com\/wp-content\/uploads\/2025\/08\/WhatsApp-Image-2025-08-29-at-14.29.51-1024x768.jpeg\" alt=\"\" class=\"wp-image-5233\" srcset=\"https:\/\/esm-vb.com\/wp-content\/uploads\/2025\/08\/WhatsApp-Image-2025-08-29-at-14.29.51-1024x768.jpeg 1024w, https:\/\/esm-vb.com\/wp-content\/uploads\/2025\/08\/WhatsApp-Image-2025-08-29-at-14.29.51-300x225.jpeg 300w, https:\/\/esm-vb.com\/wp-content\/uploads\/2025\/08\/WhatsApp-Image-2025-08-29-at-14.29.51-768x576.jpeg 768w, https:\/\/esm-vb.com\/wp-content\/uploads\/2025\/08\/WhatsApp-Image-2025-08-29-at-14.29.51-1536x1152.jpeg 1536w, https:\/\/esm-vb.com\/wp-content\/uploads\/2025\/08\/WhatsApp-Image-2025-08-29-at-14.29.51.jpeg 2000w\" sizes=\"auto, (max-width: 1024px) 100vw, 1024px\" \/><\/a><\/figure>\n\n\n\n<figure class=\"wp-block-image size-large\"><a href=\"https:\/\/esm-vb.com\/wp-content\/uploads\/2025\/08\/WhatsApp-Image-2025-08-29-at-14.29.51-4-1.jpeg\"><img loading=\"lazy\" decoding=\"async\" width=\"1024\" height=\"792\" data-id=\"5236\" src=\"https:\/\/esm-vb.com\/wp-content\/uploads\/2025\/08\/WhatsApp-Image-2025-08-29-at-14.29.51-4-1-1024x792.jpeg\" alt=\"\" class=\"wp-image-5236\" srcset=\"https:\/\/esm-vb.com\/wp-content\/uploads\/2025\/08\/WhatsApp-Image-2025-08-29-at-14.29.51-4-1-1024x792.jpeg 1024w, https:\/\/esm-vb.com\/wp-content\/uploads\/2025\/08\/WhatsApp-Image-2025-08-29-at-14.29.51-4-1-300x232.jpeg 300w, https:\/\/esm-vb.com\/wp-content\/uploads\/2025\/08\/WhatsApp-Image-2025-08-29-at-14.29.51-4-1-768x594.jpeg 768w, https:\/\/esm-vb.com\/wp-content\/uploads\/2025\/08\/WhatsApp-Image-2025-08-29-at-14.29.51-4-1.jpeg 1517w\" sizes=\"auto, (max-width: 1024px) 100vw, 1024px\" \/><\/a><\/figure>\n<\/figure>\n\n\n\n<p>N&rsquo;h\u00e9sitez pas \u00e0 faire un tour sur le site de l&rsquo;<a href=\"https:\/\/cd.ufolep.org\/essonne\/essonne_a\/cms\/index_public.php?us_action=show_note_site&amp;login_off=1&amp;ui_id_site=1\">UFOLEP 91<\/a> pour plus d&rsquo;informations.<\/p>\n\n\n\n<p>&nbsp;<\/p>\n\n\n\n<p><\/p>\n","protected":false},"excerpt":{"rendered":"<p>Comp\u00e9tition-Loisir : jouer, progresser et s\u2019\u00e9clater ! Envie de retrouver l\u2019adr\u00e9naline de la comp\u00e9tition tout en gardant l\u2019esprit fun et convivial du loisir ? La section Comp\u00e9tition-Loisir est faite pour \u00e7a ! On y vient pour se challenger, progresser ensemble et surtout passer de bons moments sur et en dehors du terrain. Depuis l\u2019ann\u00e9e derni\u00e8re,<\/p>\n<div class=\"read-more\"><a href=\"https:\/\/esm-vb.com\/?page_id=181\" title=\"Read More\">Read More<\/a><\/div>\n","protected":false},"author":1,"featured_media":5228,"parent":33,"menu_order":0,"comment_status":"closed","ping_status":"open","template":"page-blocks.php","meta":{"_exactmetrics_skip_tracking":false,"_exactmetrics_sitenote_active":false,"_exactmetrics_sitenote_note":"","_exactmetrics_sitenote_category":0,"footnotes":""},"class_list":["post-181","page","type-page","status-publish","has-post-thumbnail"],"_links":{"self":[{"href":"https:\/\/esm-vb.com\/index.php?rest_route=\/wp\/v2\/pages\/181","targetHints":{"allow":["GET"]}}],"collection":[{"href":"https:\/\/esm-vb.com\/index.php?rest_route=\/wp\/v2\/pages"}],"about":[{"href":"https:\/\/esm-vb.com\/index.php?rest_route=\/wp\/v2\/types\/page"}],"author":[{"embeddable":true,"href":"https:\/\/esm-vb.com\/index.php?rest_route=\/wp\/v2\/users\/1"}],"replies":[{"embeddable":true,"href":"https:\/\/esm-vb.com\/index.php?rest_route=%2Fwp%2Fv2%2Fcomments&post=181"}],"version-history":[{"count":21,"href":"https:\/\/esm-vb.com\/index.php?rest_route=\/wp\/v2\/pages\/181\/revisions"}],"predecessor-version":[{"id":5243,"href":"https:\/\/esm-vb.com\/index.php?rest_route=\/wp\/v2\/pages\/181\/revisions\/5243"}],"up":[{"embeddable":true,"href":"https:\/\/esm-vb.com\/index.php?rest_route=\/wp\/v2\/pages\/33"}],"wp:featuredmedia":[{"embeddable":true,"href":"https:\/\/esm-vb.com\/index.php?rest_route=\/wp\/v2\/media\/5228"}],"wp:attachment":[{"href":"https:\/\/esm-vb.com\/index.php?rest_route=%2Fwp%2Fv2%2Fmedia&parent=181"}],"curies":[{"name":"wp","href":"https:\/\/api.w.org\/{rel}","templated":true}]}}