{"id":172,"date":"2015-05-21T01:21:00","date_gmt":"2015-05-21T01:21:00","guid":{"rendered":"http:\/\/esm-volley.fr\/wordpress\/?page_id=172"},"modified":"2025-08-14T19:31:31","modified_gmt":"2025-08-14T17:31:31","slug":"le-tournoi-des-zamis","status":"publish","type":"page","link":"https:\/\/esm-vb.com\/?page_id=172","title":{"rendered":"Le Tournoi des Zamis"},"content":{"rendered":"\n<figure class=\"wp-block-image size-large\"><a href=\"https:\/\/esm-vb.com\/wp-content\/uploads\/2025\/08\/Capture-decran-2025-08-14-a-19.27.17.jpeg\"><img loading=\"lazy\" decoding=\"async\" width=\"1024\" height=\"377\" src=\"https:\/\/esm-vb.com\/wp-content\/uploads\/2025\/08\/Capture-decran-2025-08-14-a-19.27.17-1024x377.jpeg\" alt=\"\" class=\"wp-image-5090\" srcset=\"https:\/\/esm-vb.com\/wp-content\/uploads\/2025\/08\/Capture-decran-2025-08-14-a-19.27.17-1024x377.jpeg 1024w, https:\/\/esm-vb.com\/wp-content\/uploads\/2025\/08\/Capture-decran-2025-08-14-a-19.27.17-300x110.jpeg 300w, https:\/\/esm-vb.com\/wp-content\/uploads\/2025\/08\/Capture-decran-2025-08-14-a-19.27.17-768x283.jpeg 768w, https:\/\/esm-vb.com\/wp-content\/uploads\/2025\/08\/Capture-decran-2025-08-14-a-19.27.17-1536x565.jpeg 1536w, https:\/\/esm-vb.com\/wp-content\/uploads\/2025\/08\/Capture-decran-2025-08-14-a-19.27.17.jpeg 1674w\" sizes=\"auto, (max-width: 1024px) 100vw, 1024px\" \/><\/a><\/figure>\n\n\n<p>Il s&rsquo;agit d&rsquo;un tournoi organis\u00e9 en priorit\u00e9 pour les joueurs (seniors) des diff\u00e9rentes sections du club et des clubs alentours.<\/p>\n<p>Ainsi au moins la moiti\u00e9 des \u00e9quipes de ce tournoi sont compos\u00e9es de joueurs du club de Massy, le reste des \u00e9quipes sont invit\u00e9s par le bureau (une place accord\u00e9e \u00e0 chaque club ami).<\/p>\n<p>La formule retenue est un championnat (donc 11 matchs dans la journ\u00e9e lorsque le tournoi est complet) en 4*4 mixte.<\/p>\n<p>La convivialit\u00e9 est de rigueur sur le terrain et en dehors (une auberge espagnole est organis\u00e9e pour le d\u00e9jeuner) pour cet \u00e9v\u00e9nement o\u00f9 chaque \u00e9quipe est r\u00e9compens\u00e9e &#8230;<\/p>\n<p>\u00a0<\/p>","protected":false},"excerpt":{"rendered":"<p>Il s&rsquo;agit d&rsquo;un tournoi organis\u00e9 en priorit\u00e9 pour les joueurs (seniors) des diff\u00e9rentes sections du club et des clubs alentours. Ainsi au moins la moiti\u00e9 des \u00e9quipes de ce tournoi sont compos\u00e9es de joueurs du club de Massy, le reste des \u00e9quipes sont invit\u00e9s par le bureau (une place accord\u00e9e \u00e0 chaque club ami). La<\/p>\n<div class=\"read-more\"><a href=\"https:\/\/esm-vb.com\/?page_id=172\" title=\"Read More\">Read More<\/a><\/div>\n","protected":false},"author":1,"featured_media":0,"parent":64,"menu_order":0,"comment_status":"closed","ping_status":"open","template":"","meta":{"_exactmetrics_skip_tracking":false,"_exactmetrics_sitenote_active":false,"_exactmetrics_sitenote_note":"","_exactmetrics_sitenote_category":0,"footnotes":""},"class_list":["post-172","page","type-page","status-publish"],"_links":{"self":[{"href":"https:\/\/esm-vb.com\/index.php?rest_route=\/wp\/v2\/pages\/172","targetHints":{"allow":["GET"]}}],"collection":[{"href":"https:\/\/esm-vb.com\/index.php?rest_route=\/wp\/v2\/pages"}],"about":[{"href":"https:\/\/esm-vb.com\/index.php?rest_route=\/wp\/v2\/types\/page"}],"author":[{"embeddable":true,"href":"https:\/\/esm-vb.com\/index.php?rest_route=\/wp\/v2\/users\/1"}],"replies":[{"embeddable":true,"href":"https:\/\/esm-vb.com\/index.php?rest_route=%2Fwp%2Fv2%2Fcomments&post=172"}],"version-history":[{"count":3,"href":"https:\/\/esm-vb.com\/index.php?rest_route=\/wp\/v2\/pages\/172\/revisions"}],"predecessor-version":[{"id":5091,"href":"https:\/\/esm-vb.com\/index.php?rest_route=\/wp\/v2\/pages\/172\/revisions\/5091"}],"up":[{"embeddable":true,"href":"https:\/\/esm-vb.com\/index.php?rest_route=\/wp\/v2\/pages\/64"}],"wp:attachment":[{"href":"https:\/\/esm-vb.com\/index.php?rest_route=%2Fwp%2Fv2%2Fmedia&parent=172"}],"curies":[{"name":"wp","href":"https:\/\/api.w.org\/{rel}","templated":true}]}}