{"id":104,"date":"2015-02-18T22:11:41","date_gmt":"2015-02-18T22:11:41","guid":{"rendered":"http:\/\/esm-volley.fr\/wordpress\/?page_id=104"},"modified":"2015-07-01T16:55:36","modified_gmt":"2015-07-01T16:55:36","slug":"le-gymnase-jean-moulin","status":"publish","type":"page","link":"https:\/\/esm-vb.com\/?page_id=104","title":{"rendered":"Le Gymnase Jean Moulin"},"content":{"rendered":"<style id=\"bwg-style-0\">  #bwg_container1_0 {    display: table;\t\/*visibility: hidden;*\/  }  #bwg_container1_0 * {\t  -moz-user-select: none;\t  -khtml-user-select: none;\t  -webkit-user-select: none;\t  -ms-user-select: none;\t  user-select: none;  }  #bwg_container1_0 #bwg_container2_0 .bwg_slideshow_image_wrap_0 {\t  background-color: #000000;\t  width: 800px;\t  height: 500px;  }  #bwg_container1_0 #bwg_container2_0 .bwg_slideshow_image_0 {\t  max-width: 800px;\t  max-height: 410px;  }  #bwg_container1_0 #bwg_container2_0 .bwg_slideshow_embed_0 {    width: 800px;    height: 410px;  }  #bwg_container1_0 #bwg_container2_0 #bwg_slideshow_play_pause_0 {\t  background: transparent url(\"https:\/\/esm-vb.com\/wp-content\/plugins\/photo-gallery\/images\/blank.gif\") repeat scroll 0 0;  }  #bwg_container1_0 #bwg_container2_0 #bwg_slideshow_play_pause-ico_0 {    color: #FFFFFF;    font-size: 60px;  }  #bwg_container1_0 #bwg_container2_0 #bwg_slideshow_play_pause-ico_0:hover {\t  color: #CCCCCC;  }  #bwg_container1_0 #bwg_container2_0 #spider_slideshow_left_0,  #bwg_container1_0 #bwg_container2_0 #spider_slideshow_right_0 {\t  background: transparent url(\"https:\/\/esm-vb.com\/wp-content\/plugins\/photo-gallery\/images\/blank.gif\") repeat scroll 0 0;  }  #bwg_container1_0 #bwg_container2_0 #spider_slideshow_left-ico_0,  #bwg_container1_0 #bwg_container2_0 #spider_slideshow_right-ico_0 {\t  background-color: #000000;\t  border-radius: 20px;\t  border: 0px none #FFFFFF;\t  box-shadow: 0px 0px 0px #000000;\t  color: #FFFFFF;\t  height: 40px;\t  font-size: 20px;\t  width: 40px;\t  opacity: 1.00;  }  #bwg_container1_0 #bwg_container2_0 #spider_slideshow_left-ico_0:hover,  #bwg_container1_0 #bwg_container2_0 #spider_slideshow_right-ico_0:hover {\t  color: #CCCCCC;  }      #spider_slideshow_left-ico_0{      left: -9999px;    }    #spider_slideshow_right-ico_0{      left: -9999px;    }      #bwg_container1_0 #bwg_container2_0 .bwg_slideshow_image_container_0 {\t  top: 90px;\t  width: 800px;\t  height: 500px;\t}\t#bwg_container1_0 #bwg_container2_0 .bwg_slideshow_filmstrip_container_0 {\t  display: table;\t  height: 90px;\t  width: 800px;\t  top: 0;  }  \/* Filmstrip dimension *\/  #bwg_container1_0 #bwg_container2_0 .bwg_slideshow_filmstrip_0 {\t  left: 20px;\t  width: 760px;\t  \/*z-index: 10106;*\/  }  #bwg_container1_0 #bwg_container2_0 .bwg_slideshow_filmstrip_thumbnails_0 {    left: 0px;    width: 728px;    height: 90px;  }  #bwg_container1_0 #bwg_container2_0 .bwg_slideshow_filmstrip_thumbnail_0 {    width: 180px;    height: 90px;    margin: 0 1px;    border: 1px solid #000000;    border-radius: 0;  }  #bwg_container1_0 #bwg_container2_0 .bwg_slideshow_thumb_active_0 {\t  border: 0px solid #FFFFFF;  }  #bwg_container1_0 #bwg_container2_0 .bwg_slideshow_thumb_deactive_0 {    opacity: 0.80;  }  #bwg_container1_0 #bwg_container2_0 .bwg_slideshow_filmstrip_left_0,  #bwg_container1_0 #bwg_container2_0 .bwg_slideshow_filmstrip_left_disabled_0 {\t  background-color: #3B3B3B;\t  display: table-cell;\t  width: 20px;\t  left: 0;\t  \t    }  #bwg_container1_0 #bwg_container2_0 .bwg_slideshow_filmstrip_right_0,  #bwg_container1_0 #bwg_container2_0 .bwg_slideshow_filmstrip_right_disabled_0 {\t  background-color: #3B3B3B;    display: table-cell;    right: 0;\t  width: 20px;\t  \t    }  #bwg_container1_0 #bwg_container2_0 .bwg_slideshow_filmstrip_left_0 i,  #bwg_container1_0 #bwg_container2_0 .bwg_slideshow_filmstrip_right_0 i,  #bwg_container1_0 #bwg_container2_0 .bwg_slideshow_filmstrip_left_disabled_0 i,  #bwg_container1_0 #bwg_container2_0 .bwg_slideshow_filmstrip_right_disabled_0 i {\t  color: #FFFFFF;\t  font-size: 20px;  }  #bwg_container1_0 #bwg_container2_0 .bwg_slideshow_filmstrip_left_0 {    display: none;  }  #bwg_container1_0 #bwg_container2_0 .bwg_slideshow_filmstrip_left_disabled_0,  #bwg_container1_0 #bwg_container2_0 .bwg_slideshow_filmstrip_right_disabled_0 {    display: none;    opacity: 0.3;  }  #bwg_container1_0 #bwg_container2_0 .bwg_slideshow_filmstrip_left_disabled_0 {    display: table-cell;  }  #bwg_container1_0 #bwg_container2_0 .bwg_slideshow_watermark_spun_0 {\t  text-align: right;\t  vertical-align: bottom;  }  #bwg_container1_0 #bwg_container2_0 .bwg_slideshow_title_spun_0 {\t  text-align: right;\t  vertical-align: top;  }  #bwg_container1_0 #bwg_container2_0 .bwg_slideshow_description_spun_0 {\t  text-align: right;\t  vertical-align: bottom;  }  #bwg_container1_0 #bwg_container2_0 .bwg_slideshow_watermark_image_0 {\t  max-height: 90px;\t  max-width: 90px;\t  opacity: 0.30;  }  #bwg_container1_0 #bwg_container2_0 .bwg_slideshow_watermark_text_0,  #bwg_container1_0 #bwg_container2_0 .bwg_slideshow_watermark_text_0:hover {\t  text-decoration: none;\t  margin: 4px;\t  position: relative;\t  z-index: 15;  }  #bwg_container1_0 #bwg_container2_0 .bwg_slideshow_title_text_0 {\t  font-size: 16px;\t  font-family: segoe ui;\t  color: #FFFFFF !important;\t  opacity: 0.70;    border-radius: 5px;\t  background-color: #000000;\t  padding: 0 0 0 0;\t  \t\tmargin: 5px;\t  \t    }  #bwg_container1_0 #bwg_container2_0 .bwg_slideshow_description_text_0 {\t  font-size: 14px;\t  font-family: segoe ui;\t  color: #FFFFFF !important;\t  opacity: 0.70;    border-radius: 0;\t  background-color: #000000;\t  padding: 5px 10px 5px 10px;\t    }  #bwg_container1_0 #bwg_container2_0 .bwg_slideshow_description_text_0 * {\ttext-decoration: none;\tcolor: #FFFFFF !important;  }  #bwg_container1_0 #bwg_container2_0 .bwg_slideshow_dots_0 {\t  width: 12px;\t  height: 12px;\t  border-radius: 5px;\t  background: #F2D22E;\t  margin: 3px;  }  #bwg_container1_0 #bwg_container2_0 .bwg_slideshow_dots_container_0 {\t  width: 800px;\t  top: 0;  }  #bwg_container1_0 #bwg_container2_0 .bwg_slideshow_dots_thumbnails_0 {\t  height: 18px;\t  width: 72px;  }  #bwg_container1_0 #bwg_container2_0 .bwg_slideshow_dots_active_0 {\t  background: #FFFFFF;\t  border: 1px solid #000000;  }  <\/style>    <div id=\"bwg_container1_0\"         class=\"bwg_container bwg_thumbnail bwg_slideshow \"         data-right-click-protection=\"0\"         data-bwg=\"0\"         data-scroll=\"0\"         data-gallery-type=\"slideshow\"         data-gallery-view-type=\"slideshow\"         data-current-url=\"\/index.php?rest_route=%2Fwp%2Fv2%2Fpages%2F104\"         data-lightbox-url=\"https:\/\/esm-vb.com\/wp-admin\/admin-ajax.php?action=GalleryBox&#038;current_view=0&#038;gallery_id=14&#038;tag=0&#038;theme_id=1&#038;shortcode_id=19&#038;sort_by=order&#038;order_by=asc&#038;current_url=%2Findex.php%3Frest_route%3D%252Fwp%252Fv2%252Fpages%252F104\"         data-gallery-id=\"14\"         data-popup-width=\"800\"         data-popup-height=\"500\"         data-is-album=\"gallery\"         data-buttons-position=\"bottom\">      <div id=\"bwg_container2_0\">             <div id=\"ajax_loading_0\" class=\"bwg_loading_div_1\">      <div class=\"bwg_loading_div_2\">        <div class=\"bwg_loading_div_3\">          <div id=\"loading_div_0\" class=\"bwg_spider_ajax_loading\">          <\/div>        <\/div>      <\/div>    <\/div>            <form id=\"gal_front_form_0\"              class=\"bwg-hidden\"              method=\"post\"              action=\"#\"              data-current=\"0\"              data-shortcode-id=\"19\"              data-gallery-type=\"slideshow\"              data-gallery-id=\"14\"              data-tag=\"0\"              data-album-id=\"0\"              data-theme-id=\"1\"              data-ajax-url=\"https:\/\/esm-vb.com\/wp-admin\/admin-ajax.php?action=bwg_frontend_data\">          <div id=\"bwg_container3_0\" class=\"bwg-background bwg-background-0\">              <div class=\"bwg_slideshow_image_wrap_0 bwg-slideshow-images-wrapper bwg-container\"       data-bwg=\"0\"       data-lightbox-url=\"https:\/\/esm-vb.com\/wp-admin\/admin-ajax.php?action=GalleryBox&#038;current_view=0&#038;gallery_id=14&#038;tag=0&#038;theme_id=1&#038;shortcode_id=19&#038;sort_by=order&#038;order_by=asc&#038;current_url=%2Findex.php%3Frest_route%3D%252Fwp%252Fv2%252Fpages%252F104\">          <div class=\"bwg_slideshow_filmstrip_container_0\">        <div class=\"bwg_slideshow_filmstrip_left_0\">          <i class=\"bwg-icon-angle-left\"><\/i>        <\/div>        <div class=\"bwg_slideshow_filmstrip_left_disabled_0\">          <i class=\"bwg-icon-angle-left\"><\/i>        <\/div>        <div class=\"bwg_slideshow_filmstrip_0 bwg_slideshow_filmstrip\">          <div class=\"bwg_slideshow_filmstrip_thumbnails_0\">                          <div id=\"bwg_filmstrip_thumbnail_0_0\"                class=\"bwg_slideshow_filmstrip_thumbnail_0 bwg_slideshow_thumb_active_0\"                data-style=\"width:180px; height:90px;\">                <img decoding=\"async\" class=\"bwg_filmstrip_thumbnail_img bwg_slideshow_filmstrip_thumbnail_img_0\"                  style=\"width:180px; height:119.4px; margin-left: 0px; margin-top: -14.7px;\"                  data-style=\"width:180px; height:119.4px; margin-left: 0px; margin-top: -14.7px;\"                  src=\"https:\/\/esm-vb.com\/wp-content\/uploads\/photo-gallery\/2014-2015\/Communication\/thumb\/gymnase-JeanMou_faceB.jpg\"                  data-src=\"https:\/\/esm-vb.com\/wp-content\/uploads\/photo-gallery\/2014-2015\/Communication\/thumb\/gymnase-JeanMou_faceB.jpg\"                  onclick=\"bwg_change_image(parseInt(jQuery('#bwg_current_image_key_0').val()), '0', '', '', '0')\"                  image_id=\"351\"                  image_key=\"0\"                  alt=\"gymnase-JeanMou_faceB\"                  title=\"gymnase-JeanMou_faceB\" \/>              <\/div>                            <div id=\"bwg_filmstrip_thumbnail_1_0\"                class=\"bwg_slideshow_filmstrip_thumbnail_0 bwg_slideshow_thumb_deactive_0\"                data-style=\"width:180px; height:90px;\">                <img decoding=\"async\" class=\"bwg_filmstrip_thumbnail_img bwg_slideshow_filmstrip_thumbnail_img_0\"                  style=\"width:180px; height:119.4px; margin-left: 0px; margin-top: -14.7px;\"                  data-style=\"width:180px; height:119.4px; margin-left: 0px; margin-top: -14.7px;\"                  src=\"https:\/\/esm-vb.com\/wp-content\/uploads\/photo-gallery\/2014-2015\/Communication\/thumb\/gymnase-JeanMou_faceA.jpg\"                  data-src=\"https:\/\/esm-vb.com\/wp-content\/uploads\/photo-gallery\/2014-2015\/Communication\/thumb\/gymnase-JeanMou_faceA.jpg\"                  onclick=\"bwg_change_image(parseInt(jQuery('#bwg_current_image_key_0').val()), '1', '', '', '0')\"                  image_id=\"350\"                  image_key=\"1\"                  alt=\"gymnase-JeanMou_faceA\"                  title=\"gymnase-JeanMou_faceA\" \/>              <\/div>                            <div id=\"bwg_filmstrip_thumbnail_2_0\"                class=\"bwg_slideshow_filmstrip_thumbnail_0 bwg_slideshow_thumb_deactive_0\"                data-style=\"width:180px; height:90px;\">                <img decoding=\"async\" class=\"bwg_filmstrip_thumbnail_img bwg_slideshow_filmstrip_thumbnail_img_0\"                  style=\"width:180px; height:119.4px; margin-left: 0px; margin-top: -14.7px;\"                  data-style=\"width:180px; height:119.4px; margin-left: 0px; margin-top: -14.7px;\"                  src=\"https:\/\/esm-vb.com\/wp-content\/uploads\/photo-gallery\/2014-2015\/Communication\/thumb\/gymnase-JeanMou-entr\u00e9e-parking.jpg\"                  data-src=\"https:\/\/esm-vb.com\/wp-content\/uploads\/photo-gallery\/2014-2015\/Communication\/thumb\/gymnase-JeanMou-entr\u00e9e-parking.jpg\"                  onclick=\"bwg_change_image(parseInt(jQuery('#bwg_current_image_key_0').val()), '2', '', '', '0')\"                  image_id=\"349\"                  image_key=\"2\"                  alt=\"gymnase-JeanMou-entr\u00e9e-parking\"                  title=\"gymnase-JeanMou-entr\u00e9e-parking\" \/>              <\/div>                            <div id=\"bwg_filmstrip_thumbnail_3_0\"                class=\"bwg_slideshow_filmstrip_thumbnail_0 bwg_slideshow_thumb_deactive_0\"                data-style=\"width:180px; height:90px;\">                <img decoding=\"async\" class=\"bwg_filmstrip_thumbnail_img bwg_slideshow_filmstrip_thumbnail_img_0\"                  style=\"width:180px; height:119.4px; margin-left: 0px; margin-top: -14.7px;\"                  data-style=\"width:180px; height:119.4px; margin-left: 0px; margin-top: -14.7px;\"                  src=\"https:\/\/esm-vb.com\/wp-content\/uploads\/photo-gallery\/2014-2015\/Communication\/thumb\/gymnase-Jean-Mou_c\u00f4t\u00e9-pi\u00e9ton.jpg\"                  data-src=\"https:\/\/esm-vb.com\/wp-content\/uploads\/photo-gallery\/2014-2015\/Communication\/thumb\/gymnase-Jean-Mou_c\u00f4t\u00e9-pi\u00e9ton.jpg\"                  onclick=\"bwg_change_image(parseInt(jQuery('#bwg_current_image_key_0').val()), '3', '', '', '0')\"                  image_id=\"348\"                  image_key=\"3\"                  alt=\"gymnase-Jean-Mou_c\u00f4t\u00e9-pi\u00e9ton\"                  title=\"gymnase-Jean-Mou_c\u00f4t\u00e9-pi\u00e9ton\" \/>              <\/div>                        <\/div>        <\/div>        <div class=\"bwg_slideshow_filmstrip_right_0\">          <i class=\"bwg-icon-angle-right\"><\/i>        <\/div>        <div class=\"bwg_slideshow_filmstrip_right_disabled_0\">          <i class=\"bwg-icon-angle-right\"><\/i>        <\/div>      <\/div>          <div id=\"bwg_slideshow_image_container_0\"         class=\"bwg_slideshow_image_container_0\"         data-params='{&quot;bwg_source&quot;:&quot;slider&quot;,&quot;bwg_current_key&quot;:&quot;&quot;,&quot;bwg_transition_duration&quot;:750,&quot;bwg_trans_in_progress&quot;:false,&quot;data&quot;:[{&quot;id&quot;:&quot;351&quot;,&quot;alt&quot;:&quot;gymnase-JeanMou_faceB&quot;,&quot;description&quot;:&quot;Aperture: 4.5&amp;lt;br \\\/&amp;gt;Camera: NIKON D90&amp;lt;br \\\/&amp;gt;Iso: 200&amp;lt;br \\\/&amp;gt;&quot;,&quot;filetype&quot;:&quot;JPG&quot;,&quot;filename&quot;:&quot;gymnase-JeanMou_faceB&quot;,&quot;image_url&quot;:&quot;\\\/2014-2015\\\/Communication\\\/gymnase-JeanMou_faceB.jpg&quot;,&quot;thumb_url&quot;:&quot;\\\/2014-2015\\\/Communication\\\/thumb\\\/gymnase-JeanMou_faceB.jpg&quot;,&quot;redirect_url&quot;:&quot;&quot;,&quot;date&quot;:&quot;2015-06-02 09:12:00&quot;,&quot;is_embed&quot;:false,&quot;is_embed_video&quot;:false,&quot;image_width&quot;:&quot;1024&quot;,&quot;image_height&quot;:&quot;680&quot;},{&quot;id&quot;:&quot;350&quot;,&quot;alt&quot;:&quot;gymnase-JeanMou_faceA&quot;,&quot;description&quot;:&quot;Aperture: 4.5&amp;lt;br \\\/&amp;gt;Camera: NIKON D90&amp;lt;br \\\/&amp;gt;Iso: 200&amp;lt;br \\\/&amp;gt;&quot;,&quot;filetype&quot;:&quot;JPG&quot;,&quot;filename&quot;:&quot;gymnase-JeanMou_faceA&quot;,&quot;image_url&quot;:&quot;\\\/2014-2015\\\/Communication\\\/gymnase-JeanMou_faceA.jpg&quot;,&quot;thumb_url&quot;:&quot;\\\/2014-2015\\\/Communication\\\/thumb\\\/gymnase-JeanMou_faceA.jpg&quot;,&quot;redirect_url&quot;:&quot;&quot;,&quot;date&quot;:&quot;2015-06-02 09:12:00&quot;,&quot;is_embed&quot;:false,&quot;is_embed_video&quot;:false,&quot;image_width&quot;:&quot;1024&quot;,&quot;image_height&quot;:&quot;680&quot;},{&quot;id&quot;:&quot;349&quot;,&quot;alt&quot;:&quot;gymnase-JeanMou-entr\\u00e9e-parking&quot;,&quot;description&quot;:&quot;Aperture: 4.5&amp;lt;br \\\/&amp;gt;Camera: NIKON D90&amp;lt;br \\\/&amp;gt;Iso: 560&amp;lt;br \\\/&amp;gt;&quot;,&quot;filetype&quot;:&quot;JPG&quot;,&quot;filename&quot;:&quot;gymnase-JeanMou-entr\\u00e9e-parking&quot;,&quot;image_url&quot;:&quot;\\\/2014-2015\\\/Communication\\\/gymnase-JeanMou-entr\\u00e9e-parking.jpg&quot;,&quot;thumb_url&quot;:&quot;\\\/2014-2015\\\/Communication\\\/thumb\\\/gymnase-JeanMou-entr\\u00e9e-parking.jpg&quot;,&quot;redirect_url&quot;:&quot;&quot;,&quot;date&quot;:&quot;2015-06-02 09:12:00&quot;,&quot;is_embed&quot;:false,&quot;is_embed_video&quot;:false,&quot;image_width&quot;:&quot;1024&quot;,&quot;image_height&quot;:&quot;680&quot;},{&quot;id&quot;:&quot;348&quot;,&quot;alt&quot;:&quot;gymnase-Jean-Mou_c\\u00f4t\\u00e9-pi\\u00e9ton&quot;,&quot;description&quot;:&quot;Aperture: 4.5&amp;lt;br \\\/&amp;gt;Camera: NIKON D90&amp;lt;br \\\/&amp;gt;Iso: 560&amp;lt;br \\\/&amp;gt;&quot;,&quot;filetype&quot;:&quot;JPG&quot;,&quot;filename&quot;:&quot;gymnase-Jean-Mou_c\\u00f4t\\u00e9-pi\\u00e9ton&quot;,&quot;image_url&quot;:&quot;\\\/2014-2015\\\/Communication\\\/gymnase-Jean-Mou_c\\u00f4t\\u00e9-pi\\u00e9ton.jpg&quot;,&quot;thumb_url&quot;:&quot;\\\/2014-2015\\\/Communication\\\/thumb\\\/gymnase-Jean-Mou_c\\u00f4t\\u00e9-pi\\u00e9ton.jpg&quot;,&quot;redirect_url&quot;:&quot;&quot;,&quot;date&quot;:&quot;2015-06-02 09:12:00&quot;,&quot;is_embed&quot;:false,&quot;is_embed_video&quot;:false,&quot;image_width&quot;:&quot;1024&quot;,&quot;image_height&quot;:&quot;680&quot;}],&quot;width_or_height&quot;:&quot;width&quot;,&quot;filmstrip_thumb_margin_hor&quot;:2,&quot;left_or_top&quot;:&quot;left&quot;,&quot;outerWidth_or_outerHeight&quot;:&quot;outerWidth&quot;,&quot;enable_slideshow_shuffle&quot;:&quot;0&quot;,&quot;lightbox_filmstrip_thumb_border_width&quot;:&quot;1&quot;,&quot;thumb_click_action&quot;:&quot;open_lightbox&quot;,&quot;thumb_link_target&quot;:&quot;1&quot;,&quot;upload_url&quot;:&quot;https:\\\/\\\/esm-vb.com\\\/wp-content\\\/uploads\\\/photo-gallery&quot;,&quot;preload_images&quot;:&quot;0&quot;,&quot;slideshow_effect&quot;:&quot;fade&quot;,&quot;event_stack&quot;:&quot;&quot;,&quot;preload_images_count&quot;:10,&quot;image_width&quot;:&quot;800&quot;,&quot;image_height&quot;:&quot;500&quot;,&quot;thumb_width&quot;:&quot;180&quot;,&quot;thumb_height&quot;:&quot;90&quot;,&quot;filmstrip_direction&quot;:&quot;horizontal&quot;,&quot;slideshow_filmstrip_type&quot;:1,&quot;slideshow_thumbnails_count&quot;:5,&quot;slideshow_filmstrip_width&quot;:180,&quot;slideshow_filmstrip_height&quot;:&quot;90&quot;,&quot;slideshow_filmstrip_rl_btn_size&quot;:&quot;20&quot;,&quot;slideshow_play_pause_btn_size&quot;:&quot;60&quot;,&quot;watermark_type&quot;:90,&quot;watermark_height&quot;:90,&quot;watermark_font_size&quot;:12,&quot;slideshow_title_font_size&quot;:&quot;16&quot;,&quot;slideshow_description_font_size&quot;:&quot;14&quot;,&quot;bwg_playInterval&quot;:&quot;&quot;,&quot;slideshow_interval&quot;:3,&quot;image_right_click&quot;:&quot;0&quot;,&quot;enable_slideshow_autoplay&quot;:&quot;1&quot;,&quot;enable_slideshow_music&quot;:&quot;0&quot;,&quot;bwg_current_filmstrip_pos&quot;:0}'         data-filmstrip-position=\"top\"         data-filmstrip-size=\"90\">      <div class=\"bwg_slide_container_0\">        <div class=\"bwg_slide_bg_0\">          <div class=\"bwg_slider_0\">                            <span class=\"bwg_slideshow_image_spun_0\" id=\"image_id_0_351\">                    <span class=\"bwg_slideshow_image_spun1_0\">                      <span class=\"bwg_slideshow_image_spun2_0\">                                                  <a  class=\"bwg-a bwg_lightbox\" href=\"https:\/\/esm-vb.com\/wp-content\/uploads\/photo-gallery\/2014-2015\/Communication\/gymnase-JeanMou_faceB.jpg\" data-image-id=\"351\" data-elementor-open-lightbox=\"no\">                          <img decoding=\"async\" id=\"bwg_slideshow_image_0\"                               class=\"skip-lazy bwg_slide bwg_slideshow_image_0 \"                               src=\"https:\/\/esm-vb.com\/wp-content\/uploads\/photo-gallery\/2014-2015\/Communication\/gymnase-JeanMou_faceB.jpg\"                               data-src=\"https:\/\/esm-vb.com\/wp-content\/uploads\/photo-gallery\/2014-2015\/Communication\/gymnase-JeanMou_faceB.jpg\"                               image_id=\"351\"                               alt=\"gymnase-JeanMou_faceB\" \/>                          <\/a>                                                <\/span>                    <\/span>                  <\/span>                <span class=\"bwg_slideshow_image_second_spun_0\">                  <\/span>                <input type=\"hidden\" id=\"bwg_current_image_key_0\" value=\"0\" \/>                          <\/div>        <\/div>      <\/div>              <a class=\"bwg-a\" id=\"spider_slideshow_left_0\" onclick=\"bwg_change_image(parseInt(jQuery('#bwg_current_image_key_0').val()), (parseInt(jQuery('#bwg_current_image_key_0').val()) + 4 - bwg_iterator(0)) % 4, '', '', 0); return false;\"><span id=\"spider_slideshow_left-ico_0\"><span><i class=\"bwg-icon-chevron-left bwg_slideshow_prev_btn_0\"><\/i><\/span><\/span><\/a>        <span id=\"bwg_slideshow_play_pause_0\" class=\"bwg_slideshow_play_pause\" style=\"display: ;\"><span><span id=\"bwg_slideshow_play_pause-ico_0\"><i class=\"bwg-icon-play bwg_ctrl_btn_0 bwg_slideshow_play_pause_0\"><\/i><\/span><\/span><\/span>        <a class=\"bwg-a\" id=\"spider_slideshow_right_0\" onclick=\"bwg_change_image(parseInt(jQuery('#bwg_current_image_key_0').val()), (parseInt(jQuery('#bwg_current_image_key_0').val()) + bwg_iterator(0)) % 4, '', '', 0); return false;\"><span id=\"spider_slideshow_right-ico_0\"><span><i class=\"bwg-icon-chevron-right bwg_slideshow_next_btn_0\"><\/i><\/span><\/span><\/a>            <\/div>      <\/div>            <\/div>        <\/form>        <style>          #bwg_container1_0 #bwg_container2_0 #spider_popup_overlay_0 {          background-color: #000000;          opacity: 0.70;          }          <\/style>        <div id=\"bwg_spider_popup_loading_0\" class=\"bwg_spider_popup_loading\"><\/div>        <div id=\"spider_popup_overlay_0\" class=\"spider_popup_overlay\" onclick=\"spider_destroypopup(1000)\"><\/div>        <input type=\"hidden\" id=\"bwg_random_seed_0\" value=\"1352271772\">                <\/div>    <\/div>    <script>      if (document.readyState === 'complete') {        if( typeof bwg_main_ready == 'function' ) {          if ( jQuery(\"#bwg_container1_0\").height() ) {            bwg_main_ready(jQuery(\"#bwg_container1_0\"));          }        }      } else {        document.addEventListener('DOMContentLoaded', function() {          if( typeof bwg_main_ready == 'function' ) {            if ( jQuery(\"#bwg_container1_0\").height() ) {             bwg_main_ready(jQuery(\"#bwg_container1_0\"));            }          }        });      }    <\/script>    \n<p>Gymnase Jean Moulin<br \/>\nRue des Etats-Unis<br \/>\n91300 Massy<br \/>\n48.730258, 2.282779<\/p>\n<p>pour y aller: <a href=\"https:\/\/www.google.fr\/maps\/place\/Gymnase+Jean+Moulin,+Square+de+Singapour,+91300+Massy\/@48.730132,2.2827521,18z\/data=!4m2!3m1!1s0x47e6779bc3bfffa5:0x4666f589eb47ea9e\" target=\"_blank\">suivez le lien<\/a>.<\/p>\n","protected":false},"excerpt":{"rendered":"<p>Gymnase Jean Moulin Rue des Etats-Unis 91300 Massy 48.730258, 2.282779 pour y aller: suivez le lien.<\/p>\n","protected":false},"author":2,"featured_media":0,"parent":148,"menu_order":0,"comment_status":"closed","ping_status":"open","template":"","meta":{"_exactmetrics_skip_tracking":false,"_exactmetrics_sitenote_active":false,"_exactmetrics_sitenote_note":"","_exactmetrics_sitenote_category":0,"footnotes":""},"class_list":["post-104","page","type-page","status-publish"],"_links":{"self":[{"href":"https:\/\/esm-vb.com\/index.php?rest_route=\/wp\/v2\/pages\/104","targetHints":{"allow":["GET"]}}],"collection":[{"href":"https:\/\/esm-vb.com\/index.php?rest_route=\/wp\/v2\/pages"}],"about":[{"href":"https:\/\/esm-vb.com\/index.php?rest_route=\/wp\/v2\/types\/page"}],"author":[{"embeddable":true,"href":"https:\/\/esm-vb.com\/index.php?rest_route=\/wp\/v2\/users\/2"}],"replies":[{"embeddable":true,"href":"https:\/\/esm-vb.com\/index.php?rest_route=%2Fwp%2Fv2%2Fcomments&post=104"}],"version-history":[{"count":13,"href":"https:\/\/esm-vb.com\/index.php?rest_route=\/wp\/v2\/pages\/104\/revisions"}],"predecessor-version":[{"id":578,"href":"https:\/\/esm-vb.com\/index.php?rest_route=\/wp\/v2\/pages\/104\/revisions\/578"}],"up":[{"embeddable":true,"href":"https:\/\/esm-vb.com\/index.php?rest_route=\/wp\/v2\/pages\/148"}],"wp:attachment":[{"href":"https:\/\/esm-vb.com\/index.php?rest_route=%2Fwp%2Fv2%2Fmedia&parent=104"}],"curies":[{"name":"wp","href":"https:\/\/api.w.org\/{rel}","templated":true}]}}