{"id":102,"date":"2015-02-18T21:55:50","date_gmt":"2015-02-18T21:55:50","guid":{"rendered":"http:\/\/esm-volley.fr\/wordpress\/?page_id=102"},"modified":"2025-09-01T11:05:01","modified_gmt":"2025-09-01T09:05:01","slug":"les-seniors-masculins","status":"publish","type":"page","link":"https:\/\/esm-vb.com\/?page_id=102","title":{"rendered":"Les Seniors Masculins 1"},"content":{"rendered":"\n<figure class=\"wp-block-gallery has-nested-images columns-default is-cropped wp-block-gallery-1 is-layout-flex wp-block-gallery-is-layout-flex\">\n<figure class=\"wp-block-image\"><a href=\"https:\/\/esm-vb.com\/wp-content\/uploads\/2025\/09\/unnamed.png\"><img loading=\"lazy\" decoding=\"async\" width=\"1024\" height=\"684\" data-id=\"5247\" src=\"https:\/\/esm-vb.com\/wp-content\/uploads\/2025\/09\/unnamed-1024x684.png\" alt=\"\" class=\"wp-image-5247\" srcset=\"https:\/\/esm-vb.com\/wp-content\/uploads\/2025\/09\/unnamed-1024x684.png 1024w, https:\/\/esm-vb.com\/wp-content\/uploads\/2025\/09\/unnamed-300x200.png 300w, https:\/\/esm-vb.com\/wp-content\/uploads\/2025\/09\/unnamed-768x513.png 768w, https:\/\/esm-vb.com\/wp-content\/uploads\/2025\/09\/unnamed-1536x1025.png 1536w, https:\/\/esm-vb.com\/wp-content\/uploads\/2025\/09\/unnamed.png 1600w\" sizes=\"auto, (max-width: 1024px) 100vw, 1024px\" \/><\/a><\/figure>\n<\/figure>\n\n\n\n<p><br>Depuis plusieurs d\u00e9cennies, l\u2019\u00e9quipe S\u00e9nior Masculin 1 de l\u2019ES Massy Volley-ball \u00e9crit son<br>histoire avec passion, engagement et une ambiance unique.<br><br>Apr\u00e8s avoir connu les sommets r\u00e9gionaux dans les ann\u00e9es 80, l\u2019\u00e9quipe a travers\u00e9 des p\u00e9riodes<br>plus difficiles dans les ann\u00e9es 90, avant de reconstruire patiemment son effectif au fil des<br>saisons. D\u00e8s 2017-2018, une mont\u00e9e en championnat r\u00e9gional est venue r\u00e9compenser le<br>travail collectif, confirm\u00e9e en 2018-2019 par un maintien solide gr\u00e2ce \u00e0 un recrutement<br>efficace.<br><br>Les saisons suivantes, sous la houlette de Thibault puis de Julien, l\u2019\u00e9quipe a \u00e9volu\u00e9 dans un<br>championnat r\u00e9gional ambitieux, visant le haut du tableau et offrant un jeu de qualit\u00e9 tout au<br>long de la saison.<br><br>L\u2019\u00e9quipe est redescendue en accession r\u00e9gionale lors de la saison 2023-2024 suite \u00e0 de<br>nombreux d\u00e9parts.<br><br>En 2024-2025, un collectif se reconstruit voyant le groupe de 15 joueurs briller en premi\u00e8re<br>phase du championnat Accession R\u00e9gionale, terminant \u00e0 la premi\u00e8re place de sa poule. La<br>suite fut plus compliqu\u00e9e en raison de blessures et d\u2019absences, et les Massicois ont finalement<br>conclu \u00e0 la 6\u1d49 place de la poule Or, \u00e9chouant de peu \u00e0 accrocher une mont\u00e9e.<\/p>\n\n\n\n<h1 class=\"wp-block-heading\"><mark style=\"background-color:rgba(0, 0, 0, 0)\" class=\"has-inline-color has-vivid-cyan-blue-color\">Saison 2025-2026 : un nouvel \u00e9lan<\/mark><\/h1>\n\n\n\n<p>Cette nouvelle saison s\u2019annonce pleine de promesses et d\u2019ambitions. D\u00e9sormais coach\u00e9e par<br>L\u00e9o, l\u2019\u00e9quipe se fixe un objectif clair : <strong><mark style=\"background-color:rgba(0, 0, 0, 0)\" class=\"has-inline-color has-vivid-green-cyan-color\">retrouver la R\u00e9gionale 2<\/mark><\/strong>. Pour y parvenir, l\u2019effectif sera<br>renforc\u00e9 \u00e0 plusieurs postes.<br><br>Au-del\u00e0 des r\u00e9sultats, l\u2019ES Massy et les SM1 restent fid\u00e8les \u00e0 leurs valeurs : <em><mark style=\"background-color:rgba(0, 0, 0, 0);color:#87c962\" class=\"has-inline-color\">une ambiance<br>conviviale, une coh\u00e9sion forte, et un esprit d\u2019\u00e9quipe unique<\/mark><\/em> \u2013 toujours marqu\u00e9 par les<br>traditions qui font la singularit\u00e9 des SM, entre<strong> mascotte et rituels d\u2019apr\u00e8s-match.<\/strong><br><\/p>\n\n\n\n<h2 class=\"wp-block-heading has-text-align-center\"><strong>Les Seniors Masculins 1 sont pr\u00eats \u00e0 \u00e9crire une nouvelle page de leur histoire. <\/strong><br><strong>Rendez-vous en 2025-2026 pour vibrer \u00e0 leurs c\u00f4t\u00e9s !<\/strong><\/h2>\n\n\n\n<p><\/p>\n","protected":false},"excerpt":{"rendered":"<p>Depuis plusieurs d\u00e9cennies, l\u2019\u00e9quipe S\u00e9nior Masculin 1 de l\u2019ES Massy Volley-ball \u00e9crit sonhistoire avec passion, engagement et une ambiance unique. Apr\u00e8s avoir connu les sommets r\u00e9gionaux dans les ann\u00e9es 80, l\u2019\u00e9quipe a travers\u00e9 des p\u00e9riodesplus difficiles dans les ann\u00e9es 90, avant de reconstruire patiemment son effectif au fil dessaisons. D\u00e8s 2017-2018, une mont\u00e9e en championnat<\/p>\n<div class=\"read-more\"><a href=\"https:\/\/esm-vb.com\/?page_id=102\" title=\"Read More\">Read More<\/a><\/div>\n","protected":false},"author":2,"featured_media":0,"parent":33,"menu_order":0,"comment_status":"closed","ping_status":"open","template":"page-blocks.php","meta":{"_exactmetrics_skip_tracking":false,"_exactmetrics_sitenote_active":false,"_exactmetrics_sitenote_note":"","_exactmetrics_sitenote_category":0,"footnotes":""},"class_list":["post-102","page","type-page","status-publish"],"_links":{"self":[{"href":"https:\/\/esm-vb.com\/index.php?rest_route=\/wp\/v2\/pages\/102","targetHints":{"allow":["GET"]}}],"collection":[{"href":"https:\/\/esm-vb.com\/index.php?rest_route=\/wp\/v2\/pages"}],"about":[{"href":"https:\/\/esm-vb.com\/index.php?rest_route=\/wp\/v2\/types\/page"}],"author":[{"embeddable":true,"href":"https:\/\/esm-vb.com\/index.php?rest_route=\/wp\/v2\/users\/2"}],"replies":[{"embeddable":true,"href":"https:\/\/esm-vb.com\/index.php?rest_route=%2Fwp%2Fv2%2Fcomments&post=102"}],"version-history":[{"count":24,"href":"https:\/\/esm-vb.com\/index.php?rest_route=\/wp\/v2\/pages\/102\/revisions"}],"predecessor-version":[{"id":5249,"href":"https:\/\/esm-vb.com\/index.php?rest_route=\/wp\/v2\/pages\/102\/revisions\/5249"}],"up":[{"embeddable":true,"href":"https:\/\/esm-vb.com\/index.php?rest_route=\/wp\/v2\/pages\/33"}],"wp:attachment":[{"href":"https:\/\/esm-vb.com\/index.php?rest_route=%2Fwp%2Fv2%2Fmedia&parent=102"}],"curies":[{"name":"wp","href":"https:\/\/api.w.org\/{rel}","templated":true}]}}